{"id":9830,"date":"2020-10-21T15:14:55","date_gmt":"2020-10-21T20:14:55","guid":{"rendered":"https:\/\/www.diprod.pe\/shop\/?post_type=product&#038;p=9830"},"modified":"2020-12-17T16:10:01","modified_gmt":"2020-12-17T21:10:01","slug":"cadena-de-fierro","status":"publish","type":"product","link":"https:\/\/www.diprod.pe\/shop\/product\/cadena-de-fierro\/","title":{"rendered":"CADENA DE FIERRO"},"content":{"rendered":"<p>Cadena soldada electr\u00f3nicamente de acero con bajo contenido de carbono, acabado zincado, resistente a la corrosi\u00f3n.<\/p>\n","protected":false},"excerpt":{"rendered":"<p>Diprod siempre piensa en ti, por eso te brinda los mejores productos de ferreter\u00eda y herramientas. La Cadena de acero galvanizado, son de bajo carbono, soldadas a tope bajo presi\u00f3n por resistencia. \u00c9stas son utilizadas en obras de construcci\u00f3n, adem\u00e1s de usos industriales, atadura de cargas, seguridad, entre otros.<\/p>\n","protected":false},"featured_media":9831,"template":"","meta":[],"product_cat":[476,290],"product_tag":[],"class_list":{"0":"post-9830","1":"product","2":"type-product","3":"status-publish","4":"has-post-thumbnail","6":"product_cat-herramienta-manual","7":"product_cat-homecente","9":"first","10":"instock","11":"sale","12":"shipping-taxable","13":"purchasable","14":"product-type-simple"},"_links":{"self":[{"href":"https:\/\/www.diprod.pe\/shop\/wp-json\/wp\/v2\/product\/9830","targetHints":{"allow":["GET"]}}],"collection":[{"href":"https:\/\/www.diprod.pe\/shop\/wp-json\/wp\/v2\/product"}],"about":[{"href":"https:\/\/www.diprod.pe\/shop\/wp-json\/wp\/v2\/types\/product"}],"version-history":[{"count":2,"href":"https:\/\/www.diprod.pe\/shop\/wp-json\/wp\/v2\/product\/9830\/revisions"}],"predecessor-version":[{"id":9833,"href":"https:\/\/www.diprod.pe\/shop\/wp-json\/wp\/v2\/product\/9830\/revisions\/9833"}],"wp:featuredmedia":[{"embeddable":true,"href":"https:\/\/www.diprod.pe\/shop\/wp-json\/wp\/v2\/media\/9831"}],"wp:attachment":[{"href":"https:\/\/www.diprod.pe\/shop\/wp-json\/wp\/v2\/media?parent=9830"}],"wp:term":[{"taxonomy":"product_cat","embeddable":true,"href":"https:\/\/www.diprod.pe\/shop\/wp-json\/wp\/v2\/product_cat?post=9830"},{"taxonomy":"product_tag","embeddable":true,"href":"https:\/\/www.diprod.pe\/shop\/wp-json\/wp\/v2\/product_tag?post=9830"}],"curies":[{"name":"wp","href":"https:\/\/api.w.org\/{rel}","templated":true}]}}