{"id":9793,"date":"2020-10-21T10:49:14","date_gmt":"2020-10-21T15:49:14","guid":{"rendered":"https:\/\/www.diprod.pe\/shop\/?post_type=product&#038;p=9793"},"modified":"2020-12-17T16:36:18","modified_gmt":"2020-12-17T21:36:18","slug":"papelera-metalica-malla-circular-mediana","status":"publish","type":"product","link":"https:\/\/www.diprod.pe\/shop\/product\/papelera-metalica-malla-circular-mediana\/","title":{"rendered":"PAPELERA METALICA MALLA CIRCULAR MEDIANA"},"content":{"rendered":"","protected":false},"excerpt":{"rendered":"<p>Diprod trae para ti un papelero con un dise\u00f1o tradicional que te ofrece una gran capacidad de almacenamiento. adem\u00e1s est\u00e1 hecho de metal resistente por lo que se convierte en un producto de confianza y calidad.<\/p>\n","protected":false},"featured_media":9794,"template":"","meta":[],"product_cat":[290,318,486],"product_tag":[378],"class_list":{"0":"post-9793","1":"product","2":"type-product","3":"status-publish","4":"has-post-thumbnail","6":"product_cat-homecente","7":"product_cat-papelera","8":"product_cat-papeleras","9":"product_tag-papelera","11":"first","12":"instock","13":"sale","14":"shipping-taxable","15":"purchasable","16":"product-type-simple"},"_links":{"self":[{"href":"https:\/\/www.diprod.pe\/shop\/wp-json\/wp\/v2\/product\/9793","targetHints":{"allow":["GET"]}}],"collection":[{"href":"https:\/\/www.diprod.pe\/shop\/wp-json\/wp\/v2\/product"}],"about":[{"href":"https:\/\/www.diprod.pe\/shop\/wp-json\/wp\/v2\/types\/product"}],"version-history":[{"count":1,"href":"https:\/\/www.diprod.pe\/shop\/wp-json\/wp\/v2\/product\/9793\/revisions"}],"predecessor-version":[{"id":9795,"href":"https:\/\/www.diprod.pe\/shop\/wp-json\/wp\/v2\/product\/9793\/revisions\/9795"}],"wp:featuredmedia":[{"embeddable":true,"href":"https:\/\/www.diprod.pe\/shop\/wp-json\/wp\/v2\/media\/9794"}],"wp:attachment":[{"href":"https:\/\/www.diprod.pe\/shop\/wp-json\/wp\/v2\/media?parent=9793"}],"wp:term":[{"taxonomy":"product_cat","embeddable":true,"href":"https:\/\/www.diprod.pe\/shop\/wp-json\/wp\/v2\/product_cat?post=9793"},{"taxonomy":"product_tag","embeddable":true,"href":"https:\/\/www.diprod.pe\/shop\/wp-json\/wp\/v2\/product_tag?post=9793"}],"curies":[{"name":"wp","href":"https:\/\/api.w.org\/{rel}","templated":true}]}}