{"id":9787,"date":"2020-10-21T10:31:14","date_gmt":"2020-10-21T15:31:14","guid":{"rendered":"https:\/\/www.diprod.pe\/shop\/?post_type=product&#038;p=9787"},"modified":"2020-12-17T16:37:54","modified_gmt":"2020-12-17T21:37:54","slug":"papelera-metalica-malla-circular-grande","status":"publish","type":"product","link":"https:\/\/www.diprod.pe\/shop\/product\/papelera-metalica-malla-circular-grande\/","title":{"rendered":"PAPELERA MET\u00c1LICA MALLA CIRCULAR GRANDE"},"content":{"rendered":"","protected":false},"excerpt":{"rendered":"<p>Diprod trae para ti un papelero con un dise\u00f1o tradicional que te ofrece una gran capacidad de almacenamiento. adem\u00e1s est\u00e1 hecho de metal resistente por lo que se convierte en un producto de confianza y calidad.<\/p>\n","protected":false},"featured_media":9788,"template":"","meta":[],"product_cat":[290,486],"product_tag":[],"class_list":{"0":"post-9787","1":"product","2":"type-product","3":"status-publish","4":"has-post-thumbnail","6":"product_cat-homecente","7":"product_cat-papeleras","9":"first","10":"instock","11":"sale","12":"shipping-taxable","13":"purchasable","14":"product-type-simple"},"_links":{"self":[{"href":"https:\/\/www.diprod.pe\/shop\/wp-json\/wp\/v2\/product\/9787","targetHints":{"allow":["GET"]}}],"collection":[{"href":"https:\/\/www.diprod.pe\/shop\/wp-json\/wp\/v2\/product"}],"about":[{"href":"https:\/\/www.diprod.pe\/shop\/wp-json\/wp\/v2\/types\/product"}],"version-history":[{"count":5,"href":"https:\/\/www.diprod.pe\/shop\/wp-json\/wp\/v2\/product\/9787\/revisions"}],"predecessor-version":[{"id":10384,"href":"https:\/\/www.diprod.pe\/shop\/wp-json\/wp\/v2\/product\/9787\/revisions\/10384"}],"wp:featuredmedia":[{"embeddable":true,"href":"https:\/\/www.diprod.pe\/shop\/wp-json\/wp\/v2\/media\/9788"}],"wp:attachment":[{"href":"https:\/\/www.diprod.pe\/shop\/wp-json\/wp\/v2\/media?parent=9787"}],"wp:term":[{"taxonomy":"product_cat","embeddable":true,"href":"https:\/\/www.diprod.pe\/shop\/wp-json\/wp\/v2\/product_cat?post=9787"},{"taxonomy":"product_tag","embeddable":true,"href":"https:\/\/www.diprod.pe\/shop\/wp-json\/wp\/v2\/product_tag?post=9787"}],"curies":[{"name":"wp","href":"https:\/\/api.w.org\/{rel}","templated":true}]}}