{"id":9761,"date":"2020-10-19T16:00:06","date_gmt":"2020-10-19T21:00:06","guid":{"rendered":"https:\/\/www.diprod.pe\/shop\/?post_type=product&#038;p=9761"},"modified":"2020-12-17T16:43:45","modified_gmt":"2020-12-17T21:43:45","slug":"secador-de-cabello-sg3025f-siegen","status":"publish","type":"product","link":"https:\/\/www.diprod.pe\/shop\/product\/secador-de-cabello-sg3025f-siegen\/","title":{"rendered":"SECADOR DE CABELLO SG3025F SIEGEN"},"content":{"rendered":"<h2>Secadora de Cabello SG-3025F Fucsia 2000 W<\/h2>\n<p>Gana tiempo valioso despu\u00e9s del ba\u00f1o con la\u00a0<b>Secadora<\/b>\u00a02000 Watt Fucsia que\u00a0<b>Siegen<\/b>\u00a0trae para ti. Este pr\u00e1ctico y funcional aparato de secado te permitir\u00e1 evaporar todo rastro de agua de tu\u00a0<b>cabello<\/b>, gracias al potente calor que emana por la boquilla. Es muy seguro y f\u00e1cil de usar.<\/p>\n<p>Adem\u00e1s cuenta con dos niveles de velocidad y\u00a0<b>temperatura<\/b>, para realizar la labor de\u00a0<b>secado<\/b>\u00a0de manera m\u00e1s r\u00e1pida. Incluye boquilla y difusor para una uniformidad de calor exhalado por la secadora. Posee un dise\u00f1o ergon\u00f3mico ultraliviano de f\u00e1cil sujeci\u00f3n.<\/p>\n<p>Consigue un magn\u00edfico y r\u00e1pido\u00a0<b>secado de cabello<\/b>\u00a0con esta pr\u00e1ctica secadora. Una vez desconectada podr\u00e1s limpiarla f\u00e1cilmente gracias a su rejilla desmontable. Tambi\u00e9n cuenta con un bot\u00f3n\u00a0<b>Cool Shot<\/b>\u00a0de f\u00e1cil control. Tu satisfacci\u00f3n est\u00e1 garantizada con este modelo de\u00a0<b>secadora<\/b>.<\/p>\n","protected":false},"excerpt":{"rendered":"<h3>CARACTER\u00cdSTICAS DEL PRODUCTO<\/h3>\n<ul>\n<li>Marca: Siegen<\/li>\n<li>Modelo: SG-3025F<\/li>\n<li>Potencia 2000 Watt<\/li>\n<li>Dise\u00f1o ergon\u00f3mico ultra-liviano<\/li>\n<li>Bot\u00f3n Cool Shot<\/li>\n<li>2 niveles de velocidad y temperatura<\/li>\n<li>Rejilla desmontable para f\u00e1cil limpieza<\/li>\n<li>Boquilla<\/li>\n<li>Difusor<\/li>\n<\/ul>\n","protected":false},"featured_media":9765,"template":"","meta":[],"product_cat":[308,294],"product_tag":[312,315,313,314,311],"class_list":{"0":"post-9761","1":"product","2":"type-product","3":"status-publish","4":"has-post-thumbnail","6":"product_cat-cuidado-personal","7":"product_cat-electrodomesticos","8":"product_tag-cabello","9":"product_tag-estilismo","10":"product_tag-mujer","11":"product_tag-peluqueria","12":"product_tag-secadora","14":"first","15":"instock","16":"sale","17":"shipping-taxable","18":"purchasable","19":"product-type-simple"},"_links":{"self":[{"href":"https:\/\/www.diprod.pe\/shop\/wp-json\/wp\/v2\/product\/9761","targetHints":{"allow":["GET"]}}],"collection":[{"href":"https:\/\/www.diprod.pe\/shop\/wp-json\/wp\/v2\/product"}],"about":[{"href":"https:\/\/www.diprod.pe\/shop\/wp-json\/wp\/v2\/types\/product"}],"version-history":[{"count":2,"href":"https:\/\/www.diprod.pe\/shop\/wp-json\/wp\/v2\/product\/9761\/revisions"}],"predecessor-version":[{"id":9763,"href":"https:\/\/www.diprod.pe\/shop\/wp-json\/wp\/v2\/product\/9761\/revisions\/9763"}],"wp:featuredmedia":[{"embeddable":true,"href":"https:\/\/www.diprod.pe\/shop\/wp-json\/wp\/v2\/media\/9765"}],"wp:attachment":[{"href":"https:\/\/www.diprod.pe\/shop\/wp-json\/wp\/v2\/media?parent=9761"}],"wp:term":[{"taxonomy":"product_cat","embeddable":true,"href":"https:\/\/www.diprod.pe\/shop\/wp-json\/wp\/v2\/product_cat?post=9761"},{"taxonomy":"product_tag","embeddable":true,"href":"https:\/\/www.diprod.pe\/shop\/wp-json\/wp\/v2\/product_tag?post=9761"}],"curies":[{"name":"wp","href":"https:\/\/api.w.org\/{rel}","templated":true}]}}