{"id":9749,"date":"2020-10-16T13:04:19","date_gmt":"2020-10-16T18:04:19","guid":{"rendered":"https:\/\/www.diprod.pe\/shop\/?post_type=product&#038;p=9749"},"modified":"2022-01-12T10:42:24","modified_gmt":"2022-01-12T15:42:24","slug":"cortadora-de-cabello-hc3410-philips","status":"publish","type":"product","link":"https:\/\/www.diprod.pe\/shop\/product\/cortadora-de-cabello-hc3410-philips\/","title":{"rendered":"CORTADORA DE CABELLO HC3410 PHILIPS"},"content":{"rendered":"\t\t<div data-elementor-type=\"product-post\" data-elementor-id=\"9749\" class=\"elementor elementor-9749\" data-elementor-post-type=\"product\">\n\t\t\t\t\t\t<section class=\"elementor-section elementor-top-section elementor-element elementor-element-2d8cebb6 elementor-section-boxed elementor-section-height-default elementor-section-height-default none\" data-id=\"2d8cebb6\" data-element_type=\"section\">\n\t\t\t\t\t\t<div class=\"elementor-container elementor-column-gap-default\">\n\t\t\t\t\t<div class=\"elementor-column elementor-col-100 elementor-top-column elementor-element elementor-element-7f73a499 none\" data-id=\"7f73a499\" data-element_type=\"column\">\n\t\t\t<div class=\"elementor-widget-wrap elementor-element-populated\">\n\t\t\t\t\t\t<div class=\"elementor-element elementor-element-24922af3 elementor-drop-cap-yes elementor-drop-cap-view-default none elementor-widget elementor-widget-text-editor\" data-id=\"24922af3\" data-element_type=\"widget\" data-settings=\"{&quot;drop_cap&quot;:&quot;yes&quot;}\" data-widget_type=\"text-editor.default\">\n\t\t\t\t<div class=\"elementor-widget-container\">\n\t\t\t\t\t\t\t\t\t<p><img decoding=\"async\" src=\"https:\/\/images.philips.com\/is\/image\/PhilipsConsumer\/F400055624-FIL-global-001?wid=305&amp;hei=173&amp;$jpglarge$\" alt=\"Elemento de corte con doble afilaci\u00f3n con fricci\u00f3n reducida\"><\/p>\n<h3 style=\"border: 0px; margin-bottom: 14px; padding: 0px; font-variant-numeric: inherit; font-variant-east-asian: inherit; font-stretch: inherit; font-size: 17px; line-height: 25px; font-family: centrale_sans, tahoma, arial, helvetica, sans-serif; vertical-align: baseline; letter-spacing: -0.1px; color: #323232;\">Elemento de corte con doble afilaci\u00f3n con fricci\u00f3n reducida<\/h3>\n<p>Recorta cualquier tipo de cabello con nuestra avanzada tecnolog\u00eda DualCut, que combina una unidad de corte con doble afilado con ingenier\u00eda de baja fricci\u00f3n. La innovadora unidad de corte se ha dise\u00f1ado para ofrecer el mejor rendimiento en todo momento y corta el pelo el doble de r\u00e1pido que una<\/p>\n<p><span style=\"background-color: transparent;\">&nbsp;cortadora de cabello normal de Philips. Adem\u00e1s, cuenta con un resistente protector de acero inoxidable que ofrece una durabilidad definitiva.*<\/span><\/p>\n<p><\/p>\n<p><\/p>\n<p><\/p>\n<p><img decoding=\"async\" style=\"background-color: transparent;\" src=\"https:\/\/images.philips.com\/is\/image\/PhilipsConsumer\/F400055669-FIL-global-001?wid=305&amp;hei=173&amp;$jpglarge$\" alt=\"Cuchillas de acero autoafilables para un afilado duradero\"><\/p>\n<p><span style=\"color: #323232; font-family: centrale_sans, tahoma, arial, helvetica, sans-serif; font-size: 17px; font-weight: 600; letter-spacing: -0.1px; background-color: transparent;\">Cuchillas de acero autoafilables para <br>un afilado duradero<\/span><\/p>\n<p><span style=\"color: #3c3c3c; font-family: centrale_sans, tahoma, arial, helvetica, sans-serif;\">Cuchillas autoafilables de acero inoxidable <br>para un afilado duradero<\/span><\/p>\n<p><\/p>\n<p><\/p>\n<p><\/p>\n<p><\/p>\n<p><img decoding=\"async\" src=\"https:\/\/images.philips.com\/is\/image\/PhilipsConsumer\/F400055625_HC3410_15-FIL-global-001?wid=305&amp;hei=173&amp;$jpglarge$\" alt=\"Es f\u00e1cil seleccionar y bloquear las 13 posiciones de longitud: 0,5 a 23 mm\"><\/p>\n<h3 style=\"border: 0px; margin-bottom: 14px; padding: 0px; font-variant-numeric: inherit; font-variant-east-asian: inherit; font-stretch: inherit; font-size: 17px; line-height: 25px; font-family: centrale_sans, tahoma, arial, helvetica, sans-serif; vertical-align: baseline; letter-spacing: -0.1px; color: #323232;\">Es f\u00e1cil seleccionar y bloquear las 13 posiciones de longitud: 0,5 a 23 mm<\/h3>\n<div>&nbsp;<\/div>\n<p><span style=\"color: #3c3c3c; font-family: centrale_sans, tahoma, arial, helvetica, sans-serif;\">Solo tienes que seleccionar y bloquear la longitud que deseas utilizando el peine ajustable, que proporciona 12&nbsp;posiciones de longitud entre 1&nbsp;mm y 23&nbsp;mm, con una precisi\u00f3n de 2&nbsp;mm entre cada longitud. O puedes utilizarlo sin el peine para un corte apurado de 0,5&nbsp;mm<\/span><\/p>\n<p><\/p>\n<p><\/p>\n<p><\/p>\n<p><br><\/p>\n<p><\/p>\t\t\t\t\t\t\t\t<\/div>\n\t\t\t\t<\/div>\n\t\t\t\t\t<\/div>\n\t\t<\/div>\n\t\t\t\t\t<\/div>\n\t\t<\/section>\n\t\t\t\t<\/div>\n\t\t","protected":false},"excerpt":{"rendered":"<p>Afeitadora Philips HC3410\/15 para Hombre-Negro<br \/>\n&#8211; Algo que preocupa generalmente a los hombres en su cuidado personal es la est\u00e9tica y la belleza de su cara, puesto que es importante mantener siempre un aspecto natural y fresco en todo momento.<br \/>\n&#8211; Esta Afeitadora Philips HC3410\/15 para Hombre cuenta con un corte profesional de la barba y el cabello, y est\u00e1 equipado con elementos que proporcionan un delicado toque al usarlo. Es un producto que cuenta con distintas posiciones, cuchillas siempre afilidas que no necesitan lubricaci\u00f3n, que protegen la piel y dan una afeitada al ras.<\/p>\n","protected":false},"featured_media":9750,"template":"","meta":[],"product_cat":[308],"product_tag":[],"class_list":{"0":"post-9749","1":"product","2":"type-product","3":"status-publish","4":"has-post-thumbnail","6":"product_cat-cuidado-personal","8":"first","9":"instock","10":"sale","11":"shipping-taxable","12":"purchasable","13":"product-type-simple"},"_links":{"self":[{"href":"https:\/\/www.diprod.pe\/shop\/wp-json\/wp\/v2\/product\/9749","targetHints":{"allow":["GET"]}}],"collection":[{"href":"https:\/\/www.diprod.pe\/shop\/wp-json\/wp\/v2\/product"}],"about":[{"href":"https:\/\/www.diprod.pe\/shop\/wp-json\/wp\/v2\/types\/product"}],"version-history":[{"count":7,"href":"https:\/\/www.diprod.pe\/shop\/wp-json\/wp\/v2\/product\/9749\/revisions"}],"predecessor-version":[{"id":10810,"href":"https:\/\/www.diprod.pe\/shop\/wp-json\/wp\/v2\/product\/9749\/revisions\/10810"}],"wp:featuredmedia":[{"embeddable":true,"href":"https:\/\/www.diprod.pe\/shop\/wp-json\/wp\/v2\/media\/9750"}],"wp:attachment":[{"href":"https:\/\/www.diprod.pe\/shop\/wp-json\/wp\/v2\/media?parent=9749"}],"wp:term":[{"taxonomy":"product_cat","embeddable":true,"href":"https:\/\/www.diprod.pe\/shop\/wp-json\/wp\/v2\/product_cat?post=9749"},{"taxonomy":"product_tag","embeddable":true,"href":"https:\/\/www.diprod.pe\/shop\/wp-json\/wp\/v2\/product_tag?post=9749"}],"curies":[{"name":"wp","href":"https:\/\/api.w.org\/{rel}","templated":true}]}}