{"id":12763,"date":"2025-05-09T11:33:24","date_gmt":"2025-05-09T16:33:24","guid":{"rendered":"https:\/\/www.diprod.pe\/shop\/product\/bo-p49-banco-de-energia-magnetica-carga-inalambrica-rapida-10000-mah\/"},"modified":"2025-05-12T09:24:17","modified_gmt":"2025-05-12T14:24:17","slug":"bo-p49-banco-de-energia-magnetica-carga-inalambrica-rapida-10000-mah","status":"publish","type":"product","link":"https:\/\/www.diprod.pe\/shop\/product\/bo-p49-banco-de-energia-magnetica-carga-inalambrica-rapida-10000-mah\/","title":{"rendered":"BO-P49 Banco de energ\u00eda magn\u00e9tica, carga inal\u00e1mbrica r\u00e1pida,  10000 mAh"},"content":{"rendered":"<p>\u00abMaterial: ABS + vidrio templado<br \/>\nTama\u00f1o: 120*66,7*17,5 mm<br \/>\nCapacidad: 10000 mAh\/3,85 V\/38,5 Wh<br \/>\nSalida inal\u00e1mbrica: 5 W\/7,5 W\/10 W\/15 W<br \/>\nEntrada de puerto tipo C: 5 V 2,4 A\/9 V 2 A\/12 V 1,5 A<br \/>\nSalida de cable integrado tipo C: 5 V 3 A\/9 V 2,22 A\/12 V 1,67 A 20 W m\u00e1x.<br \/>\nSalida de cable integrado Lightning: 5 V\/2,4 A 20 W<br \/>\nSalida USB-A: 5 V 4,5 A\/9 V 2,22 A\/12 V 1,67 A 22,5 W\u00bb<\/p>\n","protected":false},"excerpt":{"rendered":"<p>Dise\u00f1o MagSafe<br \/>\nCargar varios dispositivos simult\u00e1neamente<br \/>\nCapacidad de bater\u00eda de 10000 mAh<br \/>\nExcelentes configuraciones<\/p>\n","protected":false},"featured_media":12673,"template":"","meta":[],"product_cat":[699],"product_tag":[],"class_list":{"0":"post-12763","1":"product","2":"type-product","3":"status-publish","4":"has-post-thumbnail","6":"product_cat-power-bank","8":"first","9":"instock","10":"shipping-taxable","11":"purchasable","12":"product-type-simple"},"_links":{"self":[{"href":"https:\/\/www.diprod.pe\/shop\/wp-json\/wp\/v2\/product\/12763","targetHints":{"allow":["GET"]}}],"collection":[{"href":"https:\/\/www.diprod.pe\/shop\/wp-json\/wp\/v2\/product"}],"about":[{"href":"https:\/\/www.diprod.pe\/shop\/wp-json\/wp\/v2\/types\/product"}],"version-history":[{"count":1,"href":"https:\/\/www.diprod.pe\/shop\/wp-json\/wp\/v2\/product\/12763\/revisions"}],"predecessor-version":[{"id":12827,"href":"https:\/\/www.diprod.pe\/shop\/wp-json\/wp\/v2\/product\/12763\/revisions\/12827"}],"wp:featuredmedia":[{"embeddable":true,"href":"https:\/\/www.diprod.pe\/shop\/wp-json\/wp\/v2\/media\/12673"}],"wp:attachment":[{"href":"https:\/\/www.diprod.pe\/shop\/wp-json\/wp\/v2\/media?parent=12763"}],"wp:term":[{"taxonomy":"product_cat","embeddable":true,"href":"https:\/\/www.diprod.pe\/shop\/wp-json\/wp\/v2\/product_cat?post=12763"},{"taxonomy":"product_tag","embeddable":true,"href":"https:\/\/www.diprod.pe\/shop\/wp-json\/wp\/v2\/product_tag?post=12763"}],"curies":[{"name":"wp","href":"https:\/\/api.w.org\/{rel}","templated":true}]}}