{"id":12758,"date":"2025-05-09T11:26:22","date_gmt":"2025-05-09T16:26:22","guid":{"rendered":"https:\/\/www.diprod.pe\/shop\/product\/bo-zj121-soporte-para-celular-adhesivo-magnetico\/"},"modified":"2025-05-12T09:23:28","modified_gmt":"2025-05-12T14:23:28","slug":"bo-zj121-soporte-para-celular-adhesivo-magnetico","status":"publish","type":"product","link":"https:\/\/www.diprod.pe\/shop\/product\/bo-zj121-soporte-para-celular-adhesivo-magnetico\/","title":{"rendered":"BO-ZJ121 Soporte para celular Adhesivo Magn\u00e9tico"},"content":{"rendered":"<p>Material: Aleaci\u00f3n de aluminio<br \/>\nTama\u00f1o: \u03a633,5*8 mm; Peso neto: 20 g<br \/>\nPegamento 3M resistente, s\u00faper pegajoso sin dejar marcas Fabricado en aleaci\u00f3n de aluminio, resiste la corrosi\u00f3n despu\u00e9s del tratamiento de oxidaci\u00f3n<br \/>\nVolumen: 75*160*25 mm<br \/>\nPeso neto: 72 g<\/p>\n","protected":false},"excerpt":{"rendered":"<p>Funciona con todos los tel\u00e9fonos inteligentes y dispositivos GPS, puede contener dispositivos protegidos por fundas y estuches.<br \/>\nEvita que los dispositivos se rayen y se caigan.<br \/>\nProporciona f\u00e1cil acceso al dispositivo montado.<br \/>\nEl agarre de goma en la superficie magn\u00e9tica ofrece protecci\u00f3n adicional.<br \/>\nF\u00e1cil de montar y desmontar.<br \/>\nSe fija f\u00e1cilmente a cualquier rejilla de ventilaci\u00f3n: vertical, horizontal o en \u00e1ngulo.<br \/>\nNo limita la vista y mantiene tu tel\u00e9fono celular en una posici\u00f3n perfecta para una conversaci\u00f3n telef\u00f3nica con manos libres.<br \/>\nPotentes soportes magn\u00e9ticos para tel\u00e9fono m\u00f3vil, con dise\u00f1o ergon\u00f3mico.<\/p>\n","protected":false},"featured_media":12618,"template":"","meta":[],"product_cat":[694],"product_tag":[],"class_list":{"0":"post-12758","1":"product","2":"type-product","3":"status-publish","4":"has-post-thumbnail","6":"product_cat-soporte-celular","8":"first","9":"instock","10":"shipping-taxable","11":"purchasable","12":"product-type-simple"},"_links":{"self":[{"href":"https:\/\/www.diprod.pe\/shop\/wp-json\/wp\/v2\/product\/12758","targetHints":{"allow":["GET"]}}],"collection":[{"href":"https:\/\/www.diprod.pe\/shop\/wp-json\/wp\/v2\/product"}],"about":[{"href":"https:\/\/www.diprod.pe\/shop\/wp-json\/wp\/v2\/types\/product"}],"version-history":[{"count":1,"href":"https:\/\/www.diprod.pe\/shop\/wp-json\/wp\/v2\/product\/12758\/revisions"}],"predecessor-version":[{"id":12824,"href":"https:\/\/www.diprod.pe\/shop\/wp-json\/wp\/v2\/product\/12758\/revisions\/12824"}],"wp:featuredmedia":[{"embeddable":true,"href":"https:\/\/www.diprod.pe\/shop\/wp-json\/wp\/v2\/media\/12618"}],"wp:attachment":[{"href":"https:\/\/www.diprod.pe\/shop\/wp-json\/wp\/v2\/media?parent=12758"}],"wp:term":[{"taxonomy":"product_cat","embeddable":true,"href":"https:\/\/www.diprod.pe\/shop\/wp-json\/wp\/v2\/product_cat?post=12758"},{"taxonomy":"product_tag","embeddable":true,"href":"https:\/\/www.diprod.pe\/shop\/wp-json\/wp\/v2\/product_tag?post=12758"}],"curies":[{"name":"wp","href":"https:\/\/api.w.org\/{rel}","templated":true}]}}