{"id":12756,"date":"2025-05-09T11:26:13","date_gmt":"2025-05-09T16:26:13","guid":{"rendered":"https:\/\/www.diprod.pe\/shop\/product\/bo-zj112-soporte-de-celular-6-para-bicicleta\/"},"modified":"2025-05-12T09:22:58","modified_gmt":"2025-05-12T14:22:58","slug":"bo-zj112-soporte-de-celular-6-para-bicicleta","status":"publish","type":"product","link":"https:\/\/www.diprod.pe\/shop\/product\/bo-zj112-soporte-de-celular-6-para-bicicleta\/","title":{"rendered":"BO-ZJ112 Soporte de celular 6&#8243; para bicicleta"},"content":{"rendered":"<p>1. Material: pl\u00e1stico ABS + tela impermeable<br \/>\n2. Tama\u00f1o: 10*16,5*2 cm<br \/>\n3. Para tel\u00e9fonos m\u00f3viles de 5 a 6 pulgadas<br \/>\n3. Volumen: 245*110*40 mm<br \/>\n4. Peso neto: 236 g<\/p>\n","protected":false},"excerpt":{"rendered":"<p>BWOO ZJ112 es un soporte universal para bicicleta con soporte para manillar para smartphone, apto para bicicletas y motocicletas.<br \/>\nUna construcci\u00f3n especial mantiene el tel\u00e9fono inteligente de forma segura en una posici\u00f3n estable.<br \/>\nLas dimensiones del mango son 16,5x10x2 cm.<\/p>\n","protected":false},"featured_media":12608,"template":"","meta":[],"product_cat":[694],"product_tag":[],"class_list":{"0":"post-12756","1":"product","2":"type-product","3":"status-publish","4":"has-post-thumbnail","6":"product_cat-soporte-celular","8":"first","9":"instock","10":"shipping-taxable","11":"purchasable","12":"product-type-simple"},"_links":{"self":[{"href":"https:\/\/www.diprod.pe\/shop\/wp-json\/wp\/v2\/product\/12756","targetHints":{"allow":["GET"]}}],"collection":[{"href":"https:\/\/www.diprod.pe\/shop\/wp-json\/wp\/v2\/product"}],"about":[{"href":"https:\/\/www.diprod.pe\/shop\/wp-json\/wp\/v2\/types\/product"}],"version-history":[{"count":1,"href":"https:\/\/www.diprod.pe\/shop\/wp-json\/wp\/v2\/product\/12756\/revisions"}],"predecessor-version":[{"id":12822,"href":"https:\/\/www.diprod.pe\/shop\/wp-json\/wp\/v2\/product\/12756\/revisions\/12822"}],"wp:featuredmedia":[{"embeddable":true,"href":"https:\/\/www.diprod.pe\/shop\/wp-json\/wp\/v2\/media\/12608"}],"wp:attachment":[{"href":"https:\/\/www.diprod.pe\/shop\/wp-json\/wp\/v2\/media?parent=12756"}],"wp:term":[{"taxonomy":"product_cat","embeddable":true,"href":"https:\/\/www.diprod.pe\/shop\/wp-json\/wp\/v2\/product_cat?post=12756"},{"taxonomy":"product_tag","embeddable":true,"href":"https:\/\/www.diprod.pe\/shop\/wp-json\/wp\/v2\/product_tag?post=12756"}],"curies":[{"name":"wp","href":"https:\/\/api.w.org\/{rel}","templated":true}]}}