{"id":12753,"date":"2025-05-09T11:25:55","date_gmt":"2025-05-09T16:25:55","guid":{"rendered":"https:\/\/www.diprod.pe\/shop\/product\/bo-zj130-soporte-para-telefono-de-coche-con-ventilacion-de-aire-y-abrazadera-automatica-para-telefonos-inteligentes-de-47-a-7-pulgadas\/"},"modified":"2025-05-12T09:22:12","modified_gmt":"2025-05-12T14:22:12","slug":"bo-zj130-soporte-para-telefono-de-coche-con-ventilacion-de-aire-y-abrazadera-automatica-para-telefonos-inteligentes-de-47-a-7-pulgadas","status":"publish","type":"product","link":"https:\/\/www.diprod.pe\/shop\/product\/bo-zj130-soporte-para-telefono-de-coche-con-ventilacion-de-aire-y-abrazadera-automatica-para-telefonos-inteligentes-de-47-a-7-pulgadas\/","title":{"rendered":"BO-ZJ130 Soporte para tel\u00e9fono de coche con ventilaci\u00f3n de aire y abrazadera autom\u00e1tica para tel\u00e9fonos inteligentes de 4,7 a 7 pulgadas"},"content":{"rendered":"<p>Material: ABS+PC+Metal<br \/>\nCierre por gravedad<br \/>\nTransl\u00facido<br \/>\nBase de salida de aire<\/p>\n","protected":false},"excerpt":{"rendered":"<p>Fijaci\u00f3n autom\u00e1tica por gravedad triangular<br \/>\nRotaci\u00f3n de 360 \u200b\u200bgrados<br \/>\nAdecuado para todos los tel\u00e9fonos inteligentes de 4,7 a 7 pulgadas<\/p>\n","protected":false},"featured_media":12590,"template":"","meta":[],"product_cat":[694],"product_tag":[],"class_list":{"0":"post-12753","1":"product","2":"type-product","3":"status-publish","4":"has-post-thumbnail","6":"product_cat-soporte-celular","8":"first","9":"instock","10":"shipping-taxable","11":"purchasable","12":"product-type-simple"},"_links":{"self":[{"href":"https:\/\/www.diprod.pe\/shop\/wp-json\/wp\/v2\/product\/12753","targetHints":{"allow":["GET"]}}],"collection":[{"href":"https:\/\/www.diprod.pe\/shop\/wp-json\/wp\/v2\/product"}],"about":[{"href":"https:\/\/www.diprod.pe\/shop\/wp-json\/wp\/v2\/types\/product"}],"version-history":[{"count":1,"href":"https:\/\/www.diprod.pe\/shop\/wp-json\/wp\/v2\/product\/12753\/revisions"}],"predecessor-version":[{"id":12819,"href":"https:\/\/www.diprod.pe\/shop\/wp-json\/wp\/v2\/product\/12753\/revisions\/12819"}],"wp:featuredmedia":[{"embeddable":true,"href":"https:\/\/www.diprod.pe\/shop\/wp-json\/wp\/v2\/media\/12590"}],"wp:attachment":[{"href":"https:\/\/www.diprod.pe\/shop\/wp-json\/wp\/v2\/media?parent=12753"}],"wp:term":[{"taxonomy":"product_cat","embeddable":true,"href":"https:\/\/www.diprod.pe\/shop\/wp-json\/wp\/v2\/product_cat?post=12753"},{"taxonomy":"product_tag","embeddable":true,"href":"https:\/\/www.diprod.pe\/shop\/wp-json\/wp\/v2\/product_tag?post=12753"}],"curies":[{"name":"wp","href":"https:\/\/api.w.org\/{rel}","templated":true}]}}