{"id":12586,"date":"2025-05-08T17:40:19","date_gmt":"2025-05-08T22:40:19","guid":{"rendered":"https:\/\/www.diprod.pe\/shop\/product\/cda137-cargador-de-pared-dual-carga-rapida-38w\/"},"modified":"2025-05-12T09:19:09","modified_gmt":"2025-05-12T14:19:09","slug":"cda137-cargador-de-pared-dual-carga-rapida-38w","status":"publish","type":"product","link":"https:\/\/www.diprod.pe\/shop\/product\/cda137-cargador-de-pared-dual-carga-rapida-38w\/","title":{"rendered":"CDA137 CARGADOR DE PARED DUAL, CARGA R\u00c1PIDA 38W"},"content":{"rendered":"<p>Material: PC<br \/>\nEntrada: CA 100-240 V 50\/60 Hz<br \/>\nSalida total: 38 W<br \/>\nSalida USB-A (18 W m\u00e1x.):<br \/>\nCC 5 V-3 A 9 V-2 A 12 V- 1,5 A<br \/>\n(Compatible con QC2.0\/QC3.0\/FCP)<br \/>\nSalida USB-C (20 W m\u00e1x.):<br \/>\nCC 5 V-3 A 9 V-2,2 A 12 V- 1,67 A<br \/>\n(Compatible con PD2.0\/PD3.0\/SCP\/FCP\/PPS)<\/p>\n","protected":false},"excerpt":{"rendered":"<p>Cargador de doble puerto, salida PD 20W \/ salida QC 3.0, con m\u00faltiples protecciones de seguridad, utilizando sensores de resistencia y capacidad de alta precisi\u00f3n y circuitos avanzados.<br \/>\nProtecci\u00f3n contra sobretensi\u00f3n<br \/>\nProtecci\u00f3n contra sobrecorriente<br \/>\nProtecci\u00f3n contra cortocircuitos<br \/>\nProtecci\u00f3n contra sobretemperatura<br \/>\nProtecci\u00f3n contra baja tensi\u00f3n electromagn\u00e9tica<br \/>\nAntiest\u00e1tico<br \/>\nChip inteligente actualizado<br \/>\nDoble protecci\u00f3n contra incendios<\/p>\n","protected":false},"featured_media":12463,"template":"","meta":[],"product_cat":[692,703],"product_tag":[],"class_list":{"0":"post-12586","1":"product","2":"type-product","3":"status-publish","4":"has-post-thumbnail","6":"product_cat-bwoo","7":"product_cat-cargadores","9":"first","10":"instock","11":"shipping-taxable","12":"purchasable","13":"product-type-simple"},"_links":{"self":[{"href":"https:\/\/www.diprod.pe\/shop\/wp-json\/wp\/v2\/product\/12586","targetHints":{"allow":["GET"]}}],"collection":[{"href":"https:\/\/www.diprod.pe\/shop\/wp-json\/wp\/v2\/product"}],"about":[{"href":"https:\/\/www.diprod.pe\/shop\/wp-json\/wp\/v2\/types\/product"}],"version-history":[{"count":1,"href":"https:\/\/www.diprod.pe\/shop\/wp-json\/wp\/v2\/product\/12586\/revisions"}],"predecessor-version":[{"id":12702,"href":"https:\/\/www.diprod.pe\/shop\/wp-json\/wp\/v2\/product\/12586\/revisions\/12702"}],"wp:featuredmedia":[{"embeddable":true,"href":"https:\/\/www.diprod.pe\/shop\/wp-json\/wp\/v2\/media\/12463"}],"wp:attachment":[{"href":"https:\/\/www.diprod.pe\/shop\/wp-json\/wp\/v2\/media?parent=12586"}],"wp:term":[{"taxonomy":"product_cat","embeddable":true,"href":"https:\/\/www.diprod.pe\/shop\/wp-json\/wp\/v2\/product_cat?post=12586"},{"taxonomy":"product_tag","embeddable":true,"href":"https:\/\/www.diprod.pe\/shop\/wp-json\/wp\/v2\/product_tag?post=12586"}],"curies":[{"name":"wp","href":"https:\/\/api.w.org\/{rel}","templated":true}]}}