{"id":12583,"date":"2025-05-08T17:40:08","date_gmt":"2025-05-08T22:40:08","guid":{"rendered":"https:\/\/www.diprod.pe\/shop\/product\/cda179-cargador-de-pared-dual-estandar\/"},"modified":"2025-05-12T09:15:49","modified_gmt":"2025-05-12T14:15:49","slug":"cda179-cargador-de-pared-dual-estandar","status":"publish","type":"product","link":"https:\/\/www.diprod.pe\/shop\/product\/cda179-cargador-de-pared-dual-estandar\/","title":{"rendered":"CDA179 CARGADOR DE PARED DUAL EST\u00c1NDAR"},"content":{"rendered":"<p>Material: PC+ABS<br \/>\nENTRADA: 100-240 V 50\/60 HZ 0,3 A M\u00c1X<br \/>\nSALIDA 5,0 V&#8211;2,4 A<\/p>\n","protected":false},"excerpt":{"rendered":"<p>Puerto dual de carga de 2.4 A, salida estable, seguro y eficiente, cargador de alta calidad, protecci\u00f3n de seguridad m\u00faltiple, carga r\u00e1pida sin da\u00f1ar el dispositivo, protecci\u00f3n de chip inteligente, ajuste autom\u00e1tico de potencia, carga r\u00e1pida a baja temperatura.<\/p>\n","protected":false},"featured_media":12442,"template":"","meta":[],"product_cat":[692,703],"product_tag":[],"class_list":{"0":"post-12583","1":"product","2":"type-product","3":"status-publish","4":"has-post-thumbnail","6":"product_cat-bwoo","7":"product_cat-cargadores","9":"first","10":"instock","11":"shipping-taxable","12":"purchasable","13":"product-type-simple"},"_links":{"self":[{"href":"https:\/\/www.diprod.pe\/shop\/wp-json\/wp\/v2\/product\/12583","targetHints":{"allow":["GET"]}}],"collection":[{"href":"https:\/\/www.diprod.pe\/shop\/wp-json\/wp\/v2\/product"}],"about":[{"href":"https:\/\/www.diprod.pe\/shop\/wp-json\/wp\/v2\/types\/product"}],"version-history":[{"count":1,"href":"https:\/\/www.diprod.pe\/shop\/wp-json\/wp\/v2\/product\/12583\/revisions"}],"predecessor-version":[{"id":12705,"href":"https:\/\/www.diprod.pe\/shop\/wp-json\/wp\/v2\/product\/12583\/revisions\/12705"}],"wp:featuredmedia":[{"embeddable":true,"href":"https:\/\/www.diprod.pe\/shop\/wp-json\/wp\/v2\/media\/12442"}],"wp:attachment":[{"href":"https:\/\/www.diprod.pe\/shop\/wp-json\/wp\/v2\/media?parent=12583"}],"wp:term":[{"taxonomy":"product_cat","embeddable":true,"href":"https:\/\/www.diprod.pe\/shop\/wp-json\/wp\/v2\/product_cat?post=12583"},{"taxonomy":"product_tag","embeddable":true,"href":"https:\/\/www.diprod.pe\/shop\/wp-json\/wp\/v2\/product_tag?post=12583"}],"curies":[{"name":"wp","href":"https:\/\/api.w.org\/{rel}","templated":true}]}}