{"id":12577,"date":"2025-05-08T17:39:46","date_gmt":"2025-05-08T22:39:46","guid":{"rendered":"https:\/\/www.diprod.pe\/shop\/product\/bw588-auriculares-inalambricos-con-cancelacion-de-ruido-y-bluetooth-v5-4-y-16h-de-musica\/"},"modified":"2025-05-12T09:13:28","modified_gmt":"2025-05-12T14:13:28","slug":"bw588-auriculares-inalambricos-con-cancelacion-de-ruido-y-bluetooth-v5-4-y-16h-de-musica","status":"publish","type":"product","link":"https:\/\/www.diprod.pe\/shop\/product\/bw588-auriculares-inalambricos-con-cancelacion-de-ruido-y-bluetooth-v5-4-y-16h-de-musica\/","title":{"rendered":"BW588 Auriculares inal\u00e1mbricos con cancelaci\u00f3n de ruido y Bluetooth V5.4 y 16h de m\u00fasica"},"content":{"rendered":"<p>Versi\u00f3n de Bluetooth: 5.3<br \/>\nCapacidad de la bater\u00eda: 300 mAh<br \/>\nTiempo de reproducci\u00f3n: 16 Hrs<br \/>\nTiempo de conversaci\u00f3n: 15 h<br \/>\nTiempo en espera: 300 h<br \/>\nTiempo de carga: 2 h<br \/>\nFrecuencia 2,402 GHz-2,480 GHz<br \/>\nType C<\/p>\n","protected":false},"excerpt":{"rendered":"<p>\u00a1Sum\u00e9rgete en un mundo de audio inmersivo con los auriculares inal\u00e1mbricos BWOO BW588!<br \/>\nAlmohadillas de cuero suave<br \/>\nDisfruta de comodidad durante todo el d\u00eda mientras reduces hasta un 90 % el ruido ambiental<br \/>\nConectividad avanzada BT5.4<br \/>\nCalidad de audio de alta resoluci\u00f3n, modo conversaci\u00f3n n\u00edtido<br \/>\nPotentes controladores de 40 mm<br \/>\nM\u00faltiples entradas de audio<\/p>\n","protected":false},"featured_media":12291,"template":"","meta":[],"product_cat":[701,692],"product_tag":[],"class_list":{"0":"post-12577","1":"product","2":"type-product","3":"status-publish","4":"has-post-thumbnail","6":"product_cat-auriculares","7":"product_cat-bwoo","9":"first","10":"instock","11":"shipping-taxable","12":"purchasable","13":"product-type-simple"},"_links":{"self":[{"href":"https:\/\/www.diprod.pe\/shop\/wp-json\/wp\/v2\/product\/12577","targetHints":{"allow":["GET"]}}],"collection":[{"href":"https:\/\/www.diprod.pe\/shop\/wp-json\/wp\/v2\/product"}],"about":[{"href":"https:\/\/www.diprod.pe\/shop\/wp-json\/wp\/v2\/types\/product"}],"version-history":[{"count":1,"href":"https:\/\/www.diprod.pe\/shop\/wp-json\/wp\/v2\/product\/12577\/revisions"}],"predecessor-version":[{"id":12711,"href":"https:\/\/www.diprod.pe\/shop\/wp-json\/wp\/v2\/product\/12577\/revisions\/12711"}],"wp:featuredmedia":[{"embeddable":true,"href":"https:\/\/www.diprod.pe\/shop\/wp-json\/wp\/v2\/media\/12291"}],"wp:attachment":[{"href":"https:\/\/www.diprod.pe\/shop\/wp-json\/wp\/v2\/media?parent=12577"}],"wp:term":[{"taxonomy":"product_cat","embeddable":true,"href":"https:\/\/www.diprod.pe\/shop\/wp-json\/wp\/v2\/product_cat?post=12577"},{"taxonomy":"product_tag","embeddable":true,"href":"https:\/\/www.diprod.pe\/shop\/wp-json\/wp\/v2\/product_tag?post=12577"}],"curies":[{"name":"wp","href":"https:\/\/api.w.org\/{rel}","templated":true}]}}