{"id":12576,"date":"2025-05-08T17:39:43","date_gmt":"2025-05-08T22:39:43","guid":{"rendered":"https:\/\/www.diprod.pe\/shop\/product\/bw586-auriculares-inalambricos-con-cancelacion-de-ruido-y-bluetooth-v5-3-y-8hrs-de-funcionamiento\/"},"modified":"2025-05-12T09:11:19","modified_gmt":"2025-05-12T14:11:19","slug":"bw586-auriculares-inalambricos-con-cancelacion-de-ruido-y-bluetooth-v5-3-y-8hrs-de-funcionamiento","status":"publish","type":"product","link":"https:\/\/www.diprod.pe\/shop\/product\/bw586-auriculares-inalambricos-con-cancelacion-de-ruido-y-bluetooth-v5-3-y-8hrs-de-funcionamiento\/","title":{"rendered":"BW586 Auriculares inal\u00e1mbricos con cancelaci\u00f3n de ruido y Bluetooth V5.3 y 8hrs de funcionamiento"},"content":{"rendered":"<p>Versi\u00f3n de Bluetooth: 5.3<br \/>\nCapacidad de la bater\u00eda: 400 mAh<br \/>\nTiempo de reproducci\u00f3n: 8 h (volumen al 60 %)<br \/>\nTiempo de conversaci\u00f3n: 8 h<br \/>\nTiempo en espera: 300 h<br \/>\nTiempo de carga: 3 h<\/p>\n","protected":false},"excerpt":{"rendered":"<p>Tecnolog\u00eda BT5.4 mejorada<br \/>\nCancelaci\u00f3n de ruido con aislamiento total<br \/>\nEscenario sonoro majestuoso de 40 mm<br \/>\nComodidad de uso ajustable<br \/>\nBater\u00eda de 50 horas de duraci\u00f3n<\/p>\n","protected":false},"featured_media":12286,"template":"","meta":[],"product_cat":[701,692],"product_tag":[],"class_list":{"0":"post-12576","1":"product","2":"type-product","3":"status-publish","4":"has-post-thumbnail","6":"product_cat-auriculares","7":"product_cat-bwoo","9":"first","10":"instock","11":"shipping-taxable","12":"purchasable","13":"product-type-simple"},"_links":{"self":[{"href":"https:\/\/www.diprod.pe\/shop\/wp-json\/wp\/v2\/product\/12576","targetHints":{"allow":["GET"]}}],"collection":[{"href":"https:\/\/www.diprod.pe\/shop\/wp-json\/wp\/v2\/product"}],"about":[{"href":"https:\/\/www.diprod.pe\/shop\/wp-json\/wp\/v2\/types\/product"}],"version-history":[{"count":1,"href":"https:\/\/www.diprod.pe\/shop\/wp-json\/wp\/v2\/product\/12576\/revisions"}],"predecessor-version":[{"id":12712,"href":"https:\/\/www.diprod.pe\/shop\/wp-json\/wp\/v2\/product\/12576\/revisions\/12712"}],"wp:featuredmedia":[{"embeddable":true,"href":"https:\/\/www.diprod.pe\/shop\/wp-json\/wp\/v2\/media\/12286"}],"wp:attachment":[{"href":"https:\/\/www.diprod.pe\/shop\/wp-json\/wp\/v2\/media?parent=12576"}],"wp:term":[{"taxonomy":"product_cat","embeddable":true,"href":"https:\/\/www.diprod.pe\/shop\/wp-json\/wp\/v2\/product_cat?post=12576"},{"taxonomy":"product_tag","embeddable":true,"href":"https:\/\/www.diprod.pe\/shop\/wp-json\/wp\/v2\/product_tag?post=12576"}],"curies":[{"name":"wp","href":"https:\/\/api.w.org\/{rel}","templated":true}]}}