{"id":12575,"date":"2025-05-08T17:39:41","date_gmt":"2025-05-08T22:39:41","guid":{"rendered":"https:\/\/www.diprod.pe\/shop\/product\/bw870-auriculares-tipo-halter-deportivosauriculares-intrauditivos-inalambricos-con-banda-para-el-cuello-bt-v5-3\/"},"modified":"2025-05-12T09:10:59","modified_gmt":"2025-05-12T14:10:59","slug":"bw870-auriculares-tipo-halter-deportivosauriculares-intrauditivos-inalambricos-con-banda-para-el-cuello-bt-v5-3","status":"publish","type":"product","link":"https:\/\/www.diprod.pe\/shop\/product\/bw870-auriculares-tipo-halter-deportivosauriculares-intrauditivos-inalambricos-con-banda-para-el-cuello-bt-v5-3\/","title":{"rendered":"BW870 AURICULARES TIPO HALTER DEPORTIVOSAuriculares intrauditivos inal\u00e1mbricos con banda para el cuello BT V5.3"},"content":{"rendered":"<p>Versi\u00f3n de Bluetooth: Jerry 7003<br \/>\nReproducci\u00f3n continua: aproximadamente 40 h<br \/>\nTiempo en espera: 200 h<br \/>\nCapacidad de la bater\u00eda: bater\u00eda de pol\u00edmero de 270 mAh<br \/>\nMaterial de la apariencia: ABS + proceso UV mate<br \/>\nEspecificaciones del altavoz: 10 mm<br \/>\nInterfaz de carga: TIPO C<\/p>\n","protected":false},"excerpt":{"rendered":"<p>Cancelaci\u00f3n de ruido ambiental ENC<br \/>\nCalidad de sonido inigualable<br \/>\n40 horas de placer musical sin interrupciones<br \/>\nConexi\u00f3n magn\u00e9tica<br \/>\nConexi\u00f3n inal\u00e1mbrica robusta BT5.3, calidad de sonido inigualable<br \/>\nIPX4 resistente al agua y al sudor<\/p>\n","protected":false},"featured_media":12296,"template":"","meta":[],"product_cat":[701,692],"product_tag":[],"class_list":{"0":"post-12575","1":"product","2":"type-product","3":"status-publish","4":"has-post-thumbnail","6":"product_cat-auriculares","7":"product_cat-bwoo","9":"first","10":"instock","11":"shipping-taxable","12":"purchasable","13":"product-type-simple"},"_links":{"self":[{"href":"https:\/\/www.diprod.pe\/shop\/wp-json\/wp\/v2\/product\/12575","targetHints":{"allow":["GET"]}}],"collection":[{"href":"https:\/\/www.diprod.pe\/shop\/wp-json\/wp\/v2\/product"}],"about":[{"href":"https:\/\/www.diprod.pe\/shop\/wp-json\/wp\/v2\/types\/product"}],"version-history":[{"count":1,"href":"https:\/\/www.diprod.pe\/shop\/wp-json\/wp\/v2\/product\/12575\/revisions"}],"predecessor-version":[{"id":12713,"href":"https:\/\/www.diprod.pe\/shop\/wp-json\/wp\/v2\/product\/12575\/revisions\/12713"}],"wp:featuredmedia":[{"embeddable":true,"href":"https:\/\/www.diprod.pe\/shop\/wp-json\/wp\/v2\/media\/12296"}],"wp:attachment":[{"href":"https:\/\/www.diprod.pe\/shop\/wp-json\/wp\/v2\/media?parent=12575"}],"wp:term":[{"taxonomy":"product_cat","embeddable":true,"href":"https:\/\/www.diprod.pe\/shop\/wp-json\/wp\/v2\/product_cat?post=12575"},{"taxonomy":"product_tag","embeddable":true,"href":"https:\/\/www.diprod.pe\/shop\/wp-json\/wp\/v2\/product_tag?post=12575"}],"curies":[{"name":"wp","href":"https:\/\/api.w.org\/{rel}","templated":true}]}}