{"id":12571,"date":"2025-05-08T17:39:30","date_gmt":"2025-05-08T22:39:30","guid":{"rendered":"https:\/\/www.diprod.pe\/shop\/product\/x193-cable-de-datos-y-carga-100w-usb-c-a-lightning-1mt\/"},"modified":"2025-05-12T09:09:46","modified_gmt":"2025-05-12T14:09:46","slug":"x193-cable-de-datos-y-carga-100w-usb-c-a-lightning-1mt","status":"publish","type":"product","link":"https:\/\/www.diprod.pe\/shop\/product\/x193-cable-de-datos-y-carga-100w-usb-c-a-lightning-1mt\/","title":{"rendered":"X193 Cable de Datos y Carga 100W Usb-C a Lightning &#8211; 1MT"},"content":{"rendered":"<p>Material: TPE<br \/>\nInterfaz: Tipo C a Lightning<br \/>\nLongitud: 1 m<br \/>\nCorriente: PD 27 W<\/p>\n","protected":false},"excerpt":{"rendered":"<p>El BWOO X193 es un cable equipado con conectores USB-C y Lightning de 8 pines que le permite utilizar la carga PowerDelivery en dispositivos compatibles.<\/p>\n<p>El cable est\u00e1 dise\u00f1ado para proporcionar la m\u00e1xima comodidad para el uso diario.<\/p>\n<p>Fabricado en silicona flexible, lo que asegura una larga vida \u00fatil.<\/p>\n<p>El alto amperaje m\u00e1ximo le permitir\u00e1 cargar dispositivos de forma r\u00e1pida y segura.<\/p>\n","protected":false},"featured_media":12346,"template":"","meta":[],"product_cat":[692,700],"product_tag":[],"class_list":{"0":"post-12571","1":"product","2":"type-product","3":"status-publish","4":"has-post-thumbnail","6":"product_cat-bwoo","7":"product_cat-cable-de-datos","9":"first","10":"instock","11":"shipping-taxable","12":"purchasable","13":"product-type-simple"},"_links":{"self":[{"href":"https:\/\/www.diprod.pe\/shop\/wp-json\/wp\/v2\/product\/12571","targetHints":{"allow":["GET"]}}],"collection":[{"href":"https:\/\/www.diprod.pe\/shop\/wp-json\/wp\/v2\/product"}],"about":[{"href":"https:\/\/www.diprod.pe\/shop\/wp-json\/wp\/v2\/types\/product"}],"version-history":[{"count":1,"href":"https:\/\/www.diprod.pe\/shop\/wp-json\/wp\/v2\/product\/12571\/revisions"}],"predecessor-version":[{"id":12717,"href":"https:\/\/www.diprod.pe\/shop\/wp-json\/wp\/v2\/product\/12571\/revisions\/12717"}],"wp:featuredmedia":[{"embeddable":true,"href":"https:\/\/www.diprod.pe\/shop\/wp-json\/wp\/v2\/media\/12346"}],"wp:attachment":[{"href":"https:\/\/www.diprod.pe\/shop\/wp-json\/wp\/v2\/media?parent=12571"}],"wp:term":[{"taxonomy":"product_cat","embeddable":true,"href":"https:\/\/www.diprod.pe\/shop\/wp-json\/wp\/v2\/product_cat?post=12571"},{"taxonomy":"product_tag","embeddable":true,"href":"https:\/\/www.diprod.pe\/shop\/wp-json\/wp\/v2\/product_tag?post=12571"}],"curies":[{"name":"wp","href":"https:\/\/api.w.org\/{rel}","templated":true}]}}