{"id":12548,"date":"2025-05-08T17:37:28","date_gmt":"2025-05-08T22:37:28","guid":{"rendered":"https:\/\/www.diprod.pe\/shop\/product\/wl-19-cargador-inalambrico-plegable-3-en-1-al-por-mayor\/"},"modified":"2025-05-12T08:59:20","modified_gmt":"2025-05-12T13:59:20","slug":"wl-19-cargador-inalambrico-plegable-3-en-1-al-por-mayor","status":"publish","type":"product","link":"https:\/\/www.diprod.pe\/shop\/product\/wl-19-cargador-inalambrico-plegable-3-en-1-al-por-mayor\/","title":{"rendered":"WL-19 Cargador inal\u00e1mbrico plegable 3 en 1 al por mayor"},"content":{"rendered":"<p>Tama\u00f1o 142 x 165 x 16,6 mm<br \/>\nColor: blanco y negro<br \/>\nMaterial: ABS<br \/>\nEntrada TIPO C: 5 V 3 A\/9 V 2 A<br \/>\nSalida inal\u00e1mbrica del tel\u00e9fono m\u00f3vil:<br \/>\n5 W\/7,5 W\/10 W\/15 W<br \/>\nSalida inal\u00e1mbrica del Apple Watch: 2 W<br \/>\nSalida inal\u00e1mbrica TWS: 5 W<\/p>\n","protected":false},"excerpt":{"rendered":"<p>Cargador inal\u00e1mbrico 3 en 1 de carga r\u00e1pida de 15 W<br \/>\nChip inteligente, protecci\u00f3n de seguridad m\u00faltiple<br \/>\nDise\u00f1o de bobina doble de 15 vatios<br \/>\n3 tipos de luces ajustables<br \/>\nCargador inal\u00e1mbrico de dise\u00f1o plegable<\/p>\n","protected":false},"featured_media":12428,"template":"","meta":[],"product_cat":[692,696],"product_tag":[],"class_list":{"0":"post-12548","1":"product","2":"type-product","3":"status-publish","4":"has-post-thumbnail","6":"product_cat-bwoo","7":"product_cat-cargador-inalambrico","9":"first","10":"instock","11":"shipping-taxable","12":"purchasable","13":"product-type-simple"},"_links":{"self":[{"href":"https:\/\/www.diprod.pe\/shop\/wp-json\/wp\/v2\/product\/12548","targetHints":{"allow":["GET"]}}],"collection":[{"href":"https:\/\/www.diprod.pe\/shop\/wp-json\/wp\/v2\/product"}],"about":[{"href":"https:\/\/www.diprod.pe\/shop\/wp-json\/wp\/v2\/types\/product"}],"version-history":[{"count":1,"href":"https:\/\/www.diprod.pe\/shop\/wp-json\/wp\/v2\/product\/12548\/revisions"}],"predecessor-version":[{"id":12740,"href":"https:\/\/www.diprod.pe\/shop\/wp-json\/wp\/v2\/product\/12548\/revisions\/12740"}],"wp:featuredmedia":[{"embeddable":true,"href":"https:\/\/www.diprod.pe\/shop\/wp-json\/wp\/v2\/media\/12428"}],"wp:attachment":[{"href":"https:\/\/www.diprod.pe\/shop\/wp-json\/wp\/v2\/media?parent=12548"}],"wp:term":[{"taxonomy":"product_cat","embeddable":true,"href":"https:\/\/www.diprod.pe\/shop\/wp-json\/wp\/v2\/product_cat?post=12548"},{"taxonomy":"product_tag","embeddable":true,"href":"https:\/\/www.diprod.pe\/shop\/wp-json\/wp\/v2\/product_tag?post=12548"}],"curies":[{"name":"wp","href":"https:\/\/api.w.org\/{rel}","templated":true}]}}