{"id":12545,"date":"2025-05-08T17:37:19","date_gmt":"2025-05-08T22:37:19","guid":{"rendered":"https:\/\/www.diprod.pe\/shop\/product\/bo-zj134-soporte-y-cargador-inalambrico-15w-flexible\/"},"modified":"2025-05-12T08:57:41","modified_gmt":"2025-05-12T13:57:41","slug":"bo-zj134-soporte-y-cargador-inalambrico-15w-flexible","status":"publish","type":"product","link":"https:\/\/www.diprod.pe\/shop\/product\/bo-zj134-soporte-y-cargador-inalambrico-15w-flexible\/","title":{"rendered":"BO-ZJ134 Soporte y cargador inal\u00e1mbrico 15W, flexible"},"content":{"rendered":"<p>Soporte inal\u00e1mbrico para coche<br \/>\nEntrada: 12 V\/1,5 A, 9 V\/2 A, 5 V\/2 A<br \/>\nSalida: 15 W, 10 W, 7,5 W, 5 W<br \/>\nVolumen: 160 x 85 x 40 mm<br \/>\nPeso neto: 140 g<\/p>\n","protected":false},"excerpt":{"rendered":"<p>Carga inal\u00e1mbrica magn\u00e9tica con certificaci\u00f3n Qi de 15 W<br \/>\nPotente sujeci\u00f3n magn\u00e9tica<br \/>\n\u00c1ngulo de visi\u00f3n flexible y multiajustable<br \/>\nInstalaci\u00f3n f\u00e1cil y confiable<\/p>\n","protected":false},"featured_media":12513,"template":"","meta":[],"product_cat":[692,694],"product_tag":[],"class_list":{"0":"post-12545","1":"product","2":"type-product","3":"status-publish","4":"has-post-thumbnail","6":"product_cat-bwoo","7":"product_cat-soporte-celular","9":"first","10":"instock","11":"shipping-taxable","12":"purchasable","13":"product-type-simple"},"_links":{"self":[{"href":"https:\/\/www.diprod.pe\/shop\/wp-json\/wp\/v2\/product\/12545","targetHints":{"allow":["GET"]}}],"collection":[{"href":"https:\/\/www.diprod.pe\/shop\/wp-json\/wp\/v2\/product"}],"about":[{"href":"https:\/\/www.diprod.pe\/shop\/wp-json\/wp\/v2\/types\/product"}],"version-history":[{"count":1,"href":"https:\/\/www.diprod.pe\/shop\/wp-json\/wp\/v2\/product\/12545\/revisions"}],"predecessor-version":[{"id":12743,"href":"https:\/\/www.diprod.pe\/shop\/wp-json\/wp\/v2\/product\/12545\/revisions\/12743"}],"wp:featuredmedia":[{"embeddable":true,"href":"https:\/\/www.diprod.pe\/shop\/wp-json\/wp\/v2\/media\/12513"}],"wp:attachment":[{"href":"https:\/\/www.diprod.pe\/shop\/wp-json\/wp\/v2\/media?parent=12545"}],"wp:term":[{"taxonomy":"product_cat","embeddable":true,"href":"https:\/\/www.diprod.pe\/shop\/wp-json\/wp\/v2\/product_cat?post=12545"},{"taxonomy":"product_tag","embeddable":true,"href":"https:\/\/www.diprod.pe\/shop\/wp-json\/wp\/v2\/product_tag?post=12545"}],"curies":[{"name":"wp","href":"https:\/\/api.w.org\/{rel}","templated":true}]}}