{"id":12097,"date":"2023-10-17T12:45:01","date_gmt":"2023-10-17T17:45:01","guid":{"rendered":"https:\/\/www.diprod.pe\/shop\/?post_type=product&#038;p=12097"},"modified":"2023-10-17T12:45:32","modified_gmt":"2023-10-17T17:45:32","slug":"caja-pequena","status":"publish","type":"product","link":"https:\/\/www.diprod.pe\/shop\/product\/caja-pequena\/","title":{"rendered":"caja peque\u00f1a"},"content":{"rendered":"<p>Caja peque\u00f1a, motivo navide\u00f1o<br \/>\nMedidas: 193 x 285 x 322<br \/>\nCapacidad 6k<br \/>\nColor: Natural<\/p>\n","protected":false},"excerpt":{"rendered":"<p>Caja peque\u00f1a, motivo navide\u00f1o Medidas: 193 x 285 x 322 Capacidad 6k Color: Natural<\/p>\n","protected":false},"featured_media":12098,"template":"","meta":[],"product_cat":[683,675],"product_tag":[551],"class_list":{"0":"post-12097","1":"product","2":"type-product","3":"status-publish","4":"has-post-thumbnail","6":"product_cat-cajas-navidenas","7":"product_cat-canastas-navidena","8":"product_tag-cajas","10":"first","11":"instock","12":"shipping-taxable","13":"purchasable","14":"product-type-simple"},"_links":{"self":[{"href":"https:\/\/www.diprod.pe\/shop\/wp-json\/wp\/v2\/product\/12097","targetHints":{"allow":["GET"]}}],"collection":[{"href":"https:\/\/www.diprod.pe\/shop\/wp-json\/wp\/v2\/product"}],"about":[{"href":"https:\/\/www.diprod.pe\/shop\/wp-json\/wp\/v2\/types\/product"}],"version-history":[{"count":1,"href":"https:\/\/www.diprod.pe\/shop\/wp-json\/wp\/v2\/product\/12097\/revisions"}],"predecessor-version":[{"id":12099,"href":"https:\/\/www.diprod.pe\/shop\/wp-json\/wp\/v2\/product\/12097\/revisions\/12099"}],"wp:featuredmedia":[{"embeddable":true,"href":"https:\/\/www.diprod.pe\/shop\/wp-json\/wp\/v2\/media\/12098"}],"wp:attachment":[{"href":"https:\/\/www.diprod.pe\/shop\/wp-json\/wp\/v2\/media?parent=12097"}],"wp:term":[{"taxonomy":"product_cat","embeddable":true,"href":"https:\/\/www.diprod.pe\/shop\/wp-json\/wp\/v2\/product_cat?post=12097"},{"taxonomy":"product_tag","embeddable":true,"href":"https:\/\/www.diprod.pe\/shop\/wp-json\/wp\/v2\/product_tag?post=12097"}],"curies":[{"name":"wp","href":"https:\/\/api.w.org\/{rel}","templated":true}]}}