{"id":11992,"date":"2023-09-05T11:05:29","date_gmt":"2023-09-05T16:05:29","guid":{"rendered":"https:\/\/www.diprod.pe\/shop\/?post_type=product&#038;p=11992"},"modified":"2024-11-13T01:32:52","modified_gmt":"2024-11-13T06:32:52","slug":"canasta-navidena-magica-alegria","status":"publish","type":"product","link":"https:\/\/www.diprod.pe\/shop\/product\/canasta-navidena-magica-alegria\/","title":{"rendered":"Canasta Navide\u00f1a M\u00e1gica Alegr\u00eda"},"content":{"rendered":"<table style=\"height: 632px;\" width=\"482\">\n<tbody>\n<tr>\n<td colspan=\"2\" width=\"431\">DIPROD CANASTA NAVIDE\u00d1A &#8211; MAGICA ALEGRIA<\/td>\n<\/tr>\n<tr>\n<td>Aceite Vegetal o Soya 900ml Cielo, Beltran<\/td>\n<td>1<\/td>\n<\/tr>\n<tr>\n<td>Panet\u00f3n Bolsa Bimbo 900gr.<\/td>\n<td>1<\/td>\n<\/tr>\n<tr>\n<td>Espumante Primado &#8211; Queirolo 750ml<\/td>\n<td>1<\/td>\n<\/tr>\n<tr>\n<td width=\"370\">Chocolate tableta Sol del Cuzco por 90 gr.<\/td>\n<td>1<\/td>\n<\/tr>\n<tr>\n<td>Arveja paquete * 500gr.<\/td>\n<td>1<\/td>\n<\/tr>\n<tr>\n<td>Fideos Grano de Oro, Tornillo del cielo 250gr<\/td>\n<td>1<\/td>\n<\/tr>\n<tr>\n<td>Arroz Superior Coste\u00f1o o Timonel o valle norte 750gr<\/td>\n<td>1<\/td>\n<\/tr>\n<tr>\n<td width=\"370\">Mermelada Hoja Redonda o Timonel 350gr<\/td>\n<td>1<\/td>\n<\/tr>\n<tr>\n<td width=\"370\">Leche Ideal Cremosita\u00a0 o Gloria azul 395gr<\/td>\n<td>2<\/td>\n<\/tr>\n<tr>\n<td width=\"370\">Durazno en mitad Arica, Aro o Rio por 820 gr.<\/td>\n<td>1<\/td>\n<\/tr>\n<tr>\n<td>Paquete Wafer Nik 06 * 29gr<\/td>\n<td>1<\/td>\n<\/tr>\n<tr>\n<td>Modificador Lacteo Milo 18gr<\/td>\n<td>3<\/td>\n<\/tr>\n<tr>\n<td>Lata de At\u00fan 170gr.Vega, Arica, Beltran<\/td>\n<td>1<\/td>\n<\/tr>\n<tr>\n<td>Avena Grano de Oro o Cielo 145gr<\/td>\n<td>3<\/td>\n<\/tr>\n<tr>\n<td>Galleta Navide\u00f1as Surtidas 150gr Colombina<\/td>\n<td>2<\/td>\n<\/tr>\n<tr>\n<td>Azucar Rubia Cartavio, Dulfina o Marco Polo por 1\u00a0 kl<\/td>\n<td>1<\/td>\n<\/tr>\n<tr>\n<td>Presentaci\u00f3n: CAJA ORGANIZADORA MODUBOX 30LTR 42*43*27CM<\/td>\n<td>1<\/td>\n<\/tr>\n<tr>\n<td>TOTAL ITEMS<\/td>\n<td>23<\/td>\n<\/tr>\n<\/tbody>\n<\/table>\n","protected":false},"excerpt":{"rendered":"<p>DIPROD CANASTA NAVIDE\u00d1A &#8211; MAGICA ALEGRIA Aceite Vegetal o Soya 900ml Cielo, Beltran 1 Panet\u00f3n Bolsa Bimbo 900gr. 1 Espumante Primado &#8211; Queirolo 750ml 1 Chocolate tableta Sol del Cuzco por 90 gr. 1 Arveja paquete * 500gr. 1 Fideos Grano de Oro, Tornillo del cielo 250gr 1 Arroz Superior Coste\u00f1o o Timonel o valle [&hellip;]<\/p>\n","protected":false},"featured_media":11993,"template":"","meta":[],"product_cat":[682,675],"product_tag":[532,533,677],"class_list":{"0":"post-11992","1":"product","2":"type-product","3":"status-publish","4":"has-post-thumbnail","6":"product_brand-diprod","7":"product_cat-canastas","8":"product_cat-canastas-navidena","9":"product_tag-canastas","10":"product_tag-navidad","11":"product_tag-temporada","13":"first","14":"instock","15":"shipping-taxable","16":"purchasable","17":"product-type-simple"},"_links":{"self":[{"href":"https:\/\/www.diprod.pe\/shop\/wp-json\/wp\/v2\/product\/11992","targetHints":{"allow":["GET"]}}],"collection":[{"href":"https:\/\/www.diprod.pe\/shop\/wp-json\/wp\/v2\/product"}],"about":[{"href":"https:\/\/www.diprod.pe\/shop\/wp-json\/wp\/v2\/types\/product"}],"version-history":[{"count":3,"href":"https:\/\/www.diprod.pe\/shop\/wp-json\/wp\/v2\/product\/11992\/revisions"}],"predecessor-version":[{"id":12232,"href":"https:\/\/www.diprod.pe\/shop\/wp-json\/wp\/v2\/product\/11992\/revisions\/12232"}],"wp:featuredmedia":[{"embeddable":true,"href":"https:\/\/www.diprod.pe\/shop\/wp-json\/wp\/v2\/media\/11993"}],"wp:attachment":[{"href":"https:\/\/www.diprod.pe\/shop\/wp-json\/wp\/v2\/media?parent=11992"}],"wp:term":[{"taxonomy":"product_cat","embeddable":true,"href":"https:\/\/www.diprod.pe\/shop\/wp-json\/wp\/v2\/product_cat?post=11992"},{"taxonomy":"product_tag","embeddable":true,"href":"https:\/\/www.diprod.pe\/shop\/wp-json\/wp\/v2\/product_tag?post=11992"}],"curies":[{"name":"wp","href":"https:\/\/api.w.org\/{rel}","templated":true}]}}