{"id":11278,"date":"2023-05-31T13:58:57","date_gmt":"2023-05-31T18:58:57","guid":{"rendered":"https:\/\/www.diprod.pe\/shop\/product\/11278\/"},"modified":"2023-06-02T14:42:44","modified_gmt":"2023-06-02T19:42:44","slug":"11278","status":"publish","type":"product","link":"https:\/\/www.diprod.pe\/shop\/product\/11278\/","title":{"rendered":"CAFE TRADICION LATA X 190GR KIRMA"},"content":{"rendered":"<table>\n<tbody>\n<tr class=\"even\">\n<th class=\"name-field Presentacion-Empaque\">Presentaci\u00f3n\/Empaque<\/th>\n<td class=\"value-field Presentacion-Empaque\">Lata<\/td>\n<\/tr>\n<tr>\n<th class=\"name-field Cafe-Puro\">Caf\u00e9 Puro<\/th>\n<td class=\"value-field Cafe-Puro\">No<\/td>\n<\/tr>\n<tr class=\"even\">\n<th class=\"name-field Libre-De-Cafeina\">Libre De Cafe\u00edna<\/th>\n<td class=\"value-field Libre-De-Cafeina\">No<\/td>\n<\/tr>\n<tr>\n<th class=\"name-field Organico\">Org\u00e1nico<\/th>\n<td class=\"value-field Organico\">No<\/td>\n<\/tr>\n<tr class=\"even\">\n<th class=\"name-field Descripcion-Tecnica\">Descripci\u00f3n T\u00e9cnica<\/th>\n<td class=\"value-field Descripcion-Tecnica\">Caf\u00e9 instant\u00e1neo con caramelo.<\/td>\n<\/tr>\n<tr>\n<th class=\"name-field Unidades-Por-Paquete\">Unidades Por Paquete<\/th>\n<td class=\"value-field Unidades-Por-Paquete\">1<\/td>\n<\/tr>\n<tr class=\"even\">\n<th class=\"name-field Porcion-Sugerida\">Porci\u00f3n Sugerida<\/th>\n<td class=\"value-field Porcion-Sugerida\">2g<\/td>\n<\/tr>\n<tr>\n<th class=\"name-field Azucares-Por-Porcion\">Az\u00facares Por Porci\u00f3n<\/th>\n<td class=\"value-field Azucares-Por-Porcion\">0.1g<\/td>\n<\/tr>\n<tr class=\"even\">\n<th class=\"name-field Calorias-Por-Porcion\">Calor\u00edas Por Porci\u00f3n<\/th>\n<td class=\"value-field Calorias-Por-Porcion\">7Kcal<\/td>\n<\/tr>\n<tr>\n<th class=\"name-field Carbohidratos-Por-Porcion\">Carbohidratos Por Porci\u00f3n<\/th>\n<td class=\"value-field Carbohidratos-Por-Porcion\">1.5g<\/td>\n<\/tr>\n<tr class=\"even\">\n<th class=\"name-field Grasas-Por-Porcion\">Grasas Por Porci\u00f3n<\/th>\n<td class=\"value-field Grasas-Por-Porcion\">0g<\/td>\n<\/tr>\n<tr>\n<th class=\"name-field Porciones-Por-Envase\">Porciones Por Envase<\/th>\n<td class=\"value-field Porciones-Por-Envase\">95<\/td>\n<\/tr>\n<tr class=\"even\">\n<th class=\"name-field Proteinas-Por-Porcion\">Prote\u00ednas Por Porci\u00f3n<\/th>\n<td class=\"value-field Proteinas-Por-Porcion\">0.2g<\/td>\n<\/tr>\n<tr>\n<th class=\"name-field Sodio-Por-Porcion\">Sodio Por Porci\u00f3n<\/th>\n<td class=\"value-field Sodio-Por-Porcion\">1mg<\/td>\n<\/tr>\n<tr class=\"even\">\n<th class=\"name-field Advertencias-De-Almacenamiento\">Advertencias De Almacenamiento<\/th>\n<td class=\"value-field Advertencias-De-Almacenamiento\">Conserve el envase bien cerrado en un lugar fresco y seco.<\/td>\n<\/tr>\n<tr>\n<th class=\"name-field Contenido-Neto\">Contenido Neto<\/th>\n<td class=\"value-field Contenido-Neto\">190g<\/td>\n<\/tr>\n<tr class=\"even\">\n<th class=\"name-field Denominacion-Variedad\">Denominaci\u00f3n\/Variedad<\/th>\n<td class=\"value-field Denominacion-Variedad\">Kirma<\/td>\n<\/tr>\n<\/tbody>\n<\/table>\n","protected":false},"excerpt":{"rendered":"<p>Presentaci\u00f3n\/Empaque Lata Caf\u00e9 Puro No Libre De Cafe\u00edna No Org\u00e1nico No Descripci\u00f3n T\u00e9cnica Caf\u00e9 instant\u00e1neo con caramelo. Unidades Por Paquete 1 Porci\u00f3n Sugerida 2g Az\u00facares Por Porci\u00f3n 0.1g Calor\u00edas Por Porci\u00f3n 7Kcal Carbohidratos Por Porci\u00f3n 1.5g Grasas Por Porci\u00f3n 0g Porciones Por Envase 95 Prote\u00ednas Por Porci\u00f3n 0.2g Sodio Por Porci\u00f3n 1mg Advertencias De Almacenamiento [&hellip;]<\/p>\n","protected":false},"featured_media":11356,"template":"","meta":[],"product_cat":[554,552],"product_tag":[556,558,557],"class_list":{"0":"post-11278","1":"product","2":"type-product","3":"status-publish","4":"has-post-thumbnail","6":"product_brand-kirma","7":"product_brand-nescafe","8":"product_cat-cafe","9":"product_cat-insumo-cafeteria","10":"product_tag-cafe","11":"product_tag-cafeteria","12":"product_tag-desayuno","14":"first","15":"instock","16":"sale","17":"shipping-taxable","18":"purchasable","19":"product-type-simple"},"_links":{"self":[{"href":"https:\/\/www.diprod.pe\/shop\/wp-json\/wp\/v2\/product\/11278","targetHints":{"allow":["GET"]}}],"collection":[{"href":"https:\/\/www.diprod.pe\/shop\/wp-json\/wp\/v2\/product"}],"about":[{"href":"https:\/\/www.diprod.pe\/shop\/wp-json\/wp\/v2\/types\/product"}],"version-history":[{"count":3,"href":"https:\/\/www.diprod.pe\/shop\/wp-json\/wp\/v2\/product\/11278\/revisions"}],"predecessor-version":[{"id":11357,"href":"https:\/\/www.diprod.pe\/shop\/wp-json\/wp\/v2\/product\/11278\/revisions\/11357"}],"wp:featuredmedia":[{"embeddable":true,"href":"https:\/\/www.diprod.pe\/shop\/wp-json\/wp\/v2\/media\/11356"}],"wp:attachment":[{"href":"https:\/\/www.diprod.pe\/shop\/wp-json\/wp\/v2\/media?parent=11278"}],"wp:term":[{"taxonomy":"product_cat","embeddable":true,"href":"https:\/\/www.diprod.pe\/shop\/wp-json\/wp\/v2\/product_cat?post=11278"},{"taxonomy":"product_tag","embeddable":true,"href":"https:\/\/www.diprod.pe\/shop\/wp-json\/wp\/v2\/product_tag?post=11278"}],"curies":[{"name":"wp","href":"https:\/\/api.w.org\/{rel}","templated":true}]}}