{"id":11275,"date":"2023-05-31T13:58:57","date_gmt":"2023-05-31T18:58:57","guid":{"rendered":"https:\/\/www.diprod.pe\/shop\/product\/11275\/"},"modified":"2023-06-02T14:14:05","modified_gmt":"2023-06-02T19:14:05","slug":"11275","status":"publish","type":"product","link":"https:\/\/www.diprod.pe\/shop\/product\/11275\/","title":{"rendered":"Caf\u00e9 instant\u00e1neo Gourmet 200gr"},"content":{"rendered":"<p>Caf\u00e9 instant\u00e1neo Gourmet 200gr<\/p>\n","protected":false},"excerpt":{"rendered":"<p>Caf\u00e9 instant\u00e1neo Gourmet 200gr<\/p>\n","protected":false},"featured_media":11341,"template":"","meta":[],"product_cat":[554,552],"product_tag":[556,558,557],"class_list":{"0":"post-11275","1":"product","2":"type-product","3":"status-publish","4":"has-post-thumbnail","6":"product_brand-altomayo","7":"product_cat-cafe","8":"product_cat-insumo-cafeteria","9":"product_tag-cafe","10":"product_tag-cafeteria","11":"product_tag-desayuno","13":"first","14":"instock","15":"sale","16":"shipping-taxable","17":"purchasable","18":"product-type-simple"},"_links":{"self":[{"href":"https:\/\/www.diprod.pe\/shop\/wp-json\/wp\/v2\/product\/11275","targetHints":{"allow":["GET"]}}],"collection":[{"href":"https:\/\/www.diprod.pe\/shop\/wp-json\/wp\/v2\/product"}],"about":[{"href":"https:\/\/www.diprod.pe\/shop\/wp-json\/wp\/v2\/types\/product"}],"version-history":[{"count":2,"href":"https:\/\/www.diprod.pe\/shop\/wp-json\/wp\/v2\/product\/11275\/revisions"}],"predecessor-version":[{"id":11342,"href":"https:\/\/www.diprod.pe\/shop\/wp-json\/wp\/v2\/product\/11275\/revisions\/11342"}],"wp:featuredmedia":[{"embeddable":true,"href":"https:\/\/www.diprod.pe\/shop\/wp-json\/wp\/v2\/media\/11341"}],"wp:attachment":[{"href":"https:\/\/www.diprod.pe\/shop\/wp-json\/wp\/v2\/media?parent=11275"}],"wp:term":[{"taxonomy":"product_cat","embeddable":true,"href":"https:\/\/www.diprod.pe\/shop\/wp-json\/wp\/v2\/product_cat?post=11275"},{"taxonomy":"product_tag","embeddable":true,"href":"https:\/\/www.diprod.pe\/shop\/wp-json\/wp\/v2\/product_tag?post=11275"}],"curies":[{"name":"wp","href":"https:\/\/api.w.org\/{rel}","templated":true}]}}