{"id":11274,"date":"2023-05-31T13:58:57","date_gmt":"2023-05-31T18:58:57","guid":{"rendered":"https:\/\/www.diprod.pe\/shop\/product\/11274\/"},"modified":"2023-06-02T14:48:51","modified_gmt":"2023-06-02T19:48:51","slug":"11274","status":"publish","type":"product","link":"https:\/\/www.diprod.pe\/shop\/product\/11274\/","title":{"rendered":"CEBADA INSTANTANEA ECCO 170 GR NESTLE"},"content":{"rendered":"<table>\n<tbody>\n<tr class=\"even\">\n<th class=\"name-field Cafe-Puro\">Caf\u00e9 Puro<\/th>\n<td class=\"value-field Cafe-Puro\">No<\/td>\n<\/tr>\n<tr>\n<th class=\"name-field Libre-De-Cafeina\">Libre De Cafe\u00edna<\/th>\n<td class=\"value-field Libre-De-Cafeina\">S\u00cd<\/td>\n<\/tr>\n<tr class=\"even\">\n<th class=\"name-field Organico\">Org\u00e1nico<\/th>\n<td class=\"value-field Organico\">No<\/td>\n<\/tr>\n<tr>\n<th class=\"name-field Descripcion-Tecnica\">Descripci\u00f3n T\u00e9cnica<\/th>\n<td class=\"value-field Descripcion-Tecnica\">ECCO Bebida Base Cebada 24X170g N1 PE<\/td>\n<\/tr>\n<tr class=\"even\">\n<th class=\"name-field Porcion-Sugerida\">Porci\u00f3n Sugerida<\/th>\n<td class=\"value-field Porcion-Sugerida\">2g<\/td>\n<\/tr>\n<tr>\n<th class=\"name-field Formato\">Formato<\/th>\n<td class=\"value-field Formato\">Polvo<\/td>\n<\/tr>\n<tr class=\"even\">\n<th class=\"name-field Alergenos-Declarados\">Al\u00e9rgenos Declarados<\/th>\n<td class=\"value-field Alergenos-Declarados\">N\/A<\/td>\n<\/tr>\n<tr>\n<th class=\"name-field Azucares-Por-Porcion\">Az\u00facares Por Porci\u00f3n<\/th>\n<td class=\"value-field Azucares-Por-Porcion\">0g<\/td>\n<\/tr>\n<tr class=\"even\">\n<th class=\"name-field Calorias-Por-Porcion\">Calor\u00edas Por Porci\u00f3n<\/th>\n<td class=\"value-field Calorias-Por-Porcion\">7kcal<\/td>\n<\/tr>\n<tr>\n<th class=\"name-field Carbohidratos-Por-Porcion\">Carbohidratos Por Porci\u00f3n<\/th>\n<td class=\"value-field Carbohidratos-Por-Porcion\">1.7g<\/td>\n<\/tr>\n<tr class=\"even\">\n<th class=\"name-field Grasas-Por-Porcion\">Grasas Por Porci\u00f3n<\/th>\n<td class=\"value-field Grasas-Por-Porcion\">0g<\/td>\n<\/tr>\n<tr>\n<th class=\"name-field Porciones-Por-Envase\">Porciones Por Envase<\/th>\n<td class=\"value-field Porciones-Por-Envase\">85 tazas<\/td>\n<\/tr>\n<tr class=\"even\">\n<th class=\"name-field Origen-Del-Grano\">Origen Del Grano<\/th>\n<td class=\"value-field Origen-Del-Grano\">N\/A<\/td>\n<\/tr>\n<tr>\n<th class=\"name-field Advertencias-De-Almacenamiento\">Advertencias De Almacenamiento<\/th>\n<td class=\"value-field Advertencias-De-Almacenamiento\">Mantener en lugar fresco, seco y limpio.<\/td>\n<\/tr>\n<tr class=\"even\">\n<th class=\"name-field Contenido-Neto\">Contenido Neto<\/th>\n<td class=\"value-field Contenido-Neto\">170g<\/td>\n<\/tr>\n<\/tbody>\n<\/table>\n","protected":false},"excerpt":{"rendered":"<p>Caf\u00e9 Puro No Libre De Cafe\u00edna S\u00cd Org\u00e1nico No Descripci\u00f3n T\u00e9cnica ECCO Bebida Base Cebada 24X170g N1 PE Porci\u00f3n Sugerida 2g Formato Polvo Al\u00e9rgenos Declarados N\/A Az\u00facares Por Porci\u00f3n 0g Calor\u00edas Por Porci\u00f3n 7kcal Carbohidratos Por Porci\u00f3n 1.7g Grasas Por Porci\u00f3n 0g Porciones Por Envase 85 tazas Origen Del Grano N\/A Advertencias De Almacenamiento Mantener [&hellip;]<\/p>\n","protected":false},"featured_media":11360,"template":"","meta":[],"product_cat":[554,552],"product_tag":[556,558,557],"class_list":{"0":"post-11274","1":"product","2":"type-product","3":"status-publish","4":"has-post-thumbnail","6":"product_brand-eco","7":"product_brand-nestle","8":"product_cat-cafe","9":"product_cat-insumo-cafeteria","10":"product_tag-cafe","11":"product_tag-cafeteria","12":"product_tag-desayuno","14":"first","15":"instock","16":"sale","17":"shipping-taxable","18":"purchasable","19":"product-type-simple"},"_links":{"self":[{"href":"https:\/\/www.diprod.pe\/shop\/wp-json\/wp\/v2\/product\/11274","targetHints":{"allow":["GET"]}}],"collection":[{"href":"https:\/\/www.diprod.pe\/shop\/wp-json\/wp\/v2\/product"}],"about":[{"href":"https:\/\/www.diprod.pe\/shop\/wp-json\/wp\/v2\/types\/product"}],"version-history":[{"count":2,"href":"https:\/\/www.diprod.pe\/shop\/wp-json\/wp\/v2\/product\/11274\/revisions"}],"predecessor-version":[{"id":11361,"href":"https:\/\/www.diprod.pe\/shop\/wp-json\/wp\/v2\/product\/11274\/revisions\/11361"}],"wp:featuredmedia":[{"embeddable":true,"href":"https:\/\/www.diprod.pe\/shop\/wp-json\/wp\/v2\/media\/11360"}],"wp:attachment":[{"href":"https:\/\/www.diprod.pe\/shop\/wp-json\/wp\/v2\/media?parent=11274"}],"wp:term":[{"taxonomy":"product_cat","embeddable":true,"href":"https:\/\/www.diprod.pe\/shop\/wp-json\/wp\/v2\/product_cat?post=11274"},{"taxonomy":"product_tag","embeddable":true,"href":"https:\/\/www.diprod.pe\/shop\/wp-json\/wp\/v2\/product_tag?post=11274"}],"curies":[{"name":"wp","href":"https:\/\/api.w.org\/{rel}","templated":true}]}}