{"id":11272,"date":"2023-05-31T13:58:57","date_gmt":"2023-05-31T18:58:57","guid":{"rendered":"https:\/\/www.diprod.pe\/shop\/product\/11272\/"},"modified":"2023-06-02T12:38:29","modified_gmt":"2023-06-02T17:38:29","slug":"11272","status":"publish","type":"product","link":"https:\/\/www.diprod.pe\/shop\/product\/11272\/","title":{"rendered":"Caf\u00e9 Instantaneo Cl\u00e1sico 50 Gr"},"content":{"rendered":"<p>Caf\u00e9 instant\u00e1neo cl\u00e1sico<br \/>\nContenido: 50 gramos<\/p>\n","protected":false},"excerpt":{"rendered":"<p>Caf\u00e9 instant\u00e1neo cl\u00e1sico Contenido: 50 gramos<\/p>\n","protected":false},"featured_media":11334,"template":"","meta":[],"product_cat":[554,552],"product_tag":[559,558],"class_list":{"0":"post-11272","1":"product","2":"type-product","3":"status-publish","4":"has-post-thumbnail","6":"product_brand-altomayo","7":"product_cat-cafe","8":"product_cat-insumo-cafeteria","9":"product_tag-cafe-desayuno","10":"product_tag-cafeteria","12":"first","13":"instock","14":"sale","15":"shipping-taxable","16":"purchasable","17":"product-type-simple"},"_links":{"self":[{"href":"https:\/\/www.diprod.pe\/shop\/wp-json\/wp\/v2\/product\/11272","targetHints":{"allow":["GET"]}}],"collection":[{"href":"https:\/\/www.diprod.pe\/shop\/wp-json\/wp\/v2\/product"}],"about":[{"href":"https:\/\/www.diprod.pe\/shop\/wp-json\/wp\/v2\/types\/product"}],"version-history":[{"count":3,"href":"https:\/\/www.diprod.pe\/shop\/wp-json\/wp\/v2\/product\/11272\/revisions"}],"predecessor-version":[{"id":11336,"href":"https:\/\/www.diprod.pe\/shop\/wp-json\/wp\/v2\/product\/11272\/revisions\/11336"}],"wp:featuredmedia":[{"embeddable":true,"href":"https:\/\/www.diprod.pe\/shop\/wp-json\/wp\/v2\/media\/11334"}],"wp:attachment":[{"href":"https:\/\/www.diprod.pe\/shop\/wp-json\/wp\/v2\/media?parent=11272"}],"wp:term":[{"taxonomy":"product_cat","embeddable":true,"href":"https:\/\/www.diprod.pe\/shop\/wp-json\/wp\/v2\/product_cat?post=11272"},{"taxonomy":"product_tag","embeddable":true,"href":"https:\/\/www.diprod.pe\/shop\/wp-json\/wp\/v2\/product_tag?post=11272"}],"curies":[{"name":"wp","href":"https:\/\/api.w.org\/{rel}","templated":true}]}}