{"id":11271,"date":"2023-05-31T13:58:56","date_gmt":"2023-05-31T18:58:56","guid":{"rendered":"https:\/\/www.diprod.pe\/shop\/product\/11271\/"},"modified":"2023-06-02T20:15:50","modified_gmt":"2023-06-03T01:15:50","slug":"11271","status":"publish","type":"product","link":"https:\/\/www.diprod.pe\/shop\/product\/11271\/","title":{"rendered":"COMPLEMENTO NUTRITIVO GRANULADO LATA X 400GR MILO"},"content":{"rendered":"<table>\n<tbody>\n<tr class=\"even\">\n<th class=\"name-field Presentacion-Empaque\">Presentaci\u00f3n\/Empaque<\/th>\n<td class=\"value-field Presentacion-Empaque\">Lata<\/td>\n<\/tr>\n<tr>\n<th class=\"name-field Descripcion-Tecnica\">Descripci\u00f3n T\u00e9cnica<\/th>\n<td class=\"value-field Descripcion-Tecnica\">Alimento granulado a base de malta, leche y cacao en polvo con vitaminas y minerales.<\/td>\n<\/tr>\n<tr class=\"even\">\n<th class=\"name-field Unidades-Por-Paquete\">Unidades Por Paquete<\/th>\n<td class=\"value-field Unidades-Por-Paquete\">1<\/td>\n<\/tr>\n<tr>\n<th class=\"name-field Componente-Activo-Nutricional\">Componente Activo Nutricional<\/th>\n<td class=\"value-field Componente-Activo-Nutricional\">ActivGo<\/td>\n<\/tr>\n<tr class=\"even\">\n<th class=\"name-field Porcion-Sugerida\">Porci\u00f3n Sugerida<\/th>\n<td class=\"value-field Porcion-Sugerida\">18g<\/td>\n<\/tr>\n<tr>\n<th class=\"name-field Alergenos-Declarados\">Al\u00e9rgenos Declarados<\/th>\n<td class=\"value-field Alergenos-Declarados\">Contiene gluten, l\u00e1cteos y lecitina de soya.<\/td>\n<\/tr>\n<tr class=\"even\">\n<th class=\"name-field Azucares-Por-Porcion\">Az\u00facares Por Porci\u00f3n<\/th>\n<td class=\"value-field Azucares-Por-Porcion\">19.7g<\/td>\n<\/tr>\n<tr>\n<th class=\"name-field Calorias-Por-Porcion\">Calor\u00edas Por Porci\u00f3n<\/th>\n<td class=\"value-field Calorias-Por-Porcion\">148Kcal<\/td>\n<\/tr>\n<tr class=\"even\">\n<th class=\"name-field Carbohidratos-Por-Porcion\">Carbohidratos Por Porci\u00f3n<\/th>\n<td class=\"value-field Carbohidratos-Por-Porcion\">24.5g<\/td>\n<\/tr>\n<tr>\n<th class=\"name-field Descripcion-Nutricional\">Descripci\u00f3n Nutricional<\/th>\n<td class=\"value-field Descripcion-Nutricional\">Malta, vitaminas y minerales.<\/td>\n<\/tr>\n<tr class=\"even\">\n<th class=\"name-field Grasas-Por-Porcion\">Grasas Por Porci\u00f3n<\/th>\n<td class=\"value-field Grasas-Por-Porcion\">1.6g<\/td>\n<\/tr>\n<tr>\n<th class=\"name-field Porciones-Por-Envase\">Porciones Por Envase<\/th>\n<td class=\"value-field Porciones-Por-Envase\">22<\/td>\n<\/tr>\n<tr class=\"even\">\n<th class=\"name-field Proteinas-Por-Porcion\">Prote\u00ednas Por Porci\u00f3n<\/th>\n<td class=\"value-field Proteinas-Por-Porcion\">8.9g<\/td>\n<\/tr>\n<tr>\n<th class=\"name-field Sodio-Por-Porcion\">Sodio Por Porci\u00f3n<\/th>\n<td class=\"value-field Sodio-Por-Porcion\">138mg<\/td>\n<\/tr>\n<tr class=\"even\">\n<th class=\"name-field Advertencias-De-Almacenamiento\">Advertencias De Almacenamiento<\/th>\n<td class=\"value-field Advertencias-De-Almacenamiento\">Mantener en un lugar fresco y seco.<\/td>\n<\/tr>\n<tr>\n<th class=\"name-field Contenido-Neto\">Contenido Neto<\/th>\n<td class=\"value-field Contenido-Neto\">400g<\/td>\n<\/tr>\n<\/tbody>\n<\/table>\n","protected":false},"excerpt":{"rendered":"<p>Presentaci\u00f3n\/Empaque Lata Descripci\u00f3n T\u00e9cnica Alimento granulado a base de malta, leche y cacao en polvo con vitaminas y minerales. Unidades Por Paquete 1 Componente Activo Nutricional ActivGo Porci\u00f3n Sugerida 18g Al\u00e9rgenos Declarados Contiene gluten, l\u00e1cteos y lecitina de soya. Az\u00facares Por Porci\u00f3n 19.7g Calor\u00edas Por Porci\u00f3n 148Kcal Carbohidratos Por Porci\u00f3n 24.5g Descripci\u00f3n Nutricional Malta, vitaminas [&hellip;]<\/p>\n","protected":false},"featured_media":11372,"template":"","meta":[],"product_cat":[552,565],"product_tag":[558,557],"class_list":{"0":"post-11271","1":"product","2":"type-product","3":"status-publish","4":"has-post-thumbnail","6":"product_brand-nestle","7":"product_cat-insumo-cafeteria","8":"product_cat-milo","9":"product_tag-cafeteria","10":"product_tag-desayuno","12":"first","13":"instock","14":"sale","15":"shipping-taxable","16":"purchasable","17":"product-type-simple"},"_links":{"self":[{"href":"https:\/\/www.diprod.pe\/shop\/wp-json\/wp\/v2\/product\/11271","targetHints":{"allow":["GET"]}}],"collection":[{"href":"https:\/\/www.diprod.pe\/shop\/wp-json\/wp\/v2\/product"}],"about":[{"href":"https:\/\/www.diprod.pe\/shop\/wp-json\/wp\/v2\/types\/product"}],"version-history":[{"count":2,"href":"https:\/\/www.diprod.pe\/shop\/wp-json\/wp\/v2\/product\/11271\/revisions"}],"predecessor-version":[{"id":11373,"href":"https:\/\/www.diprod.pe\/shop\/wp-json\/wp\/v2\/product\/11271\/revisions\/11373"}],"wp:featuredmedia":[{"embeddable":true,"href":"https:\/\/www.diprod.pe\/shop\/wp-json\/wp\/v2\/media\/11372"}],"wp:attachment":[{"href":"https:\/\/www.diprod.pe\/shop\/wp-json\/wp\/v2\/media?parent=11271"}],"wp:term":[{"taxonomy":"product_cat","embeddable":true,"href":"https:\/\/www.diprod.pe\/shop\/wp-json\/wp\/v2\/product_cat?post=11271"},{"taxonomy":"product_tag","embeddable":true,"href":"https:\/\/www.diprod.pe\/shop\/wp-json\/wp\/v2\/product_tag?post=11271"}],"curies":[{"name":"wp","href":"https:\/\/api.w.org\/{rel}","templated":true}]}}