{"id":11270,"date":"2023-05-31T13:58:56","date_gmt":"2023-05-31T18:58:56","guid":{"rendered":"https:\/\/www.diprod.pe\/shop\/product\/11270\/"},"modified":"2023-06-02T20:06:19","modified_gmt":"2023-06-03T01:06:19","slug":"11270","status":"publish","type":"product","link":"https:\/\/www.diprod.pe\/shop\/product\/11270\/","title":{"rendered":"CAF\u00c9 TOSTADO Y MOLIDO SELECTO 454 GR CAFETAL"},"content":{"rendered":"<table>\n<tbody>\n<tr class=\"even\">\n<th class=\"name-field Presentacion-Empaque\">Presentaci\u00f3n\/Empaque<\/th>\n<td class=\"value-field Presentacion-Empaque\">Bolsa<\/td>\n<\/tr>\n<tr>\n<th class=\"name-field Cafe-Puro\">Caf\u00e9 Puro<\/th>\n<td class=\"value-field Cafe-Puro\">S\u00ed<\/td>\n<\/tr>\n<tr class=\"even\">\n<th class=\"name-field Libre-De-Cafeina\">Libre De Cafe\u00edna<\/th>\n<td class=\"value-field Libre-De-Cafeina\">No<\/td>\n<\/tr>\n<tr>\n<th class=\"name-field Organico\">Org\u00e1nico<\/th>\n<td class=\"value-field Organico\">No<\/td>\n<\/tr>\n<tr class=\"even\">\n<th class=\"name-field Unidades-Por-Paquete\">Unidades Por Paquete<\/th>\n<td class=\"value-field Unidades-Por-Paquete\">1<\/td>\n<\/tr>\n<tr>\n<th class=\"name-field Porcion-Sugerida\">Porci\u00f3n Sugerida<\/th>\n<td class=\"value-field Porcion-Sugerida\">5g<\/td>\n<\/tr>\n<tr class=\"even\">\n<th class=\"name-field Azucares-Por-Porcion\">Az\u00facares Por Porci\u00f3n<\/th>\n<td class=\"value-field Azucares-Por-Porcion\">0<\/td>\n<\/tr>\n<tr>\n<th class=\"name-field Calorias-Por-Porcion\">Calor\u00edas Por Porci\u00f3n<\/th>\n<td class=\"value-field Calorias-Por-Porcion\">20Kcal<\/td>\n<\/tr>\n<tr class=\"even\">\n<th class=\"name-field Carbohidratos-Por-Porcion\">Carbohidratos Por Porci\u00f3n<\/th>\n<td class=\"value-field Carbohidratos-Por-Porcion\">3g<\/td>\n<\/tr>\n<tr>\n<th class=\"name-field Descripcion-Nutricional\">Descripci\u00f3n Nutricional<\/th>\n<td class=\"value-field Descripcion-Nutricional\">Contiene antioxidantes.<\/td>\n<\/tr>\n<tr class=\"even\">\n<th class=\"name-field Grasas-Por-Porcion\">Grasas Por Porci\u00f3n<\/th>\n<td class=\"value-field Grasas-Por-Porcion\">1g<\/td>\n<\/tr>\n<tr>\n<th class=\"name-field Porciones-Por-Envase\">Porciones Por Envase<\/th>\n<td class=\"value-field Porciones-Por-Envase\">90<\/td>\n<\/tr>\n<tr class=\"even\">\n<th class=\"name-field Proteinas-Por-Porcion\">Prote\u00ednas Por Porci\u00f3n<\/th>\n<td class=\"value-field Proteinas-Por-Porcion\">1g<\/td>\n<\/tr>\n<tr>\n<th class=\"name-field Sodio-Por-Porcion\">Sodio Por Porci\u00f3n<\/th>\n<td class=\"value-field Sodio-Por-Porcion\">0mg<\/td>\n<\/tr>\n<tr class=\"even\">\n<th class=\"name-field Origen-Del-Grano\">Origen Del Grano<\/th>\n<td class=\"value-field Origen-Del-Grano\">Ar\u00e1bica<\/td>\n<\/tr>\n<tr>\n<th class=\"name-field Advertencias-De-Almacenamiento\">Advertencias De Almacenamiento<\/th>\n<td class=\"value-field Advertencias-De-Almacenamiento\">Almacenar en un lugar fresco y seco.<\/td>\n<\/tr>\n<tr class=\"even\">\n<th class=\"name-field Contenido-Neto\">Contenido Neto<\/th>\n<td class=\"value-field Contenido-Neto\">454g<\/td>\n<\/tr>\n<tr>\n<th class=\"name-field Denominacion-Variedad\">Denominaci\u00f3n\/Variedad<\/th>\n<td class=\"value-field Denominacion-Variedad\">Tostado<\/td>\n<\/tr>\n<\/tbody>\n<\/table>\n","protected":false},"excerpt":{"rendered":"<p>Presentaci\u00f3n\/Empaque Bolsa Caf\u00e9 Puro S\u00ed Libre De Cafe\u00edna No Org\u00e1nico No Unidades Por Paquete 1 Porci\u00f3n Sugerida 5g Az\u00facares Por Porci\u00f3n 0 Calor\u00edas Por Porci\u00f3n 20Kcal Carbohidratos Por Porci\u00f3n 3g Descripci\u00f3n Nutricional Contiene antioxidantes. Grasas Por Porci\u00f3n 1g Porciones Por Envase 90 Prote\u00ednas Por Porci\u00f3n 1g Sodio Por Porci\u00f3n 0mg Origen Del Grano Ar\u00e1bica Advertencias [&hellip;]<\/p>\n","protected":false},"featured_media":11366,"template":"","meta":[],"product_cat":[554,552],"product_tag":[556,558,557],"class_list":{"0":"post-11270","1":"product","2":"type-product","3":"status-publish","4":"has-post-thumbnail","6":"product_brand-altomayo","7":"product_cat-cafe","8":"product_cat-insumo-cafeteria","9":"product_tag-cafe","10":"product_tag-cafeteria","11":"product_tag-desayuno","13":"first","14":"instock","15":"sale","16":"shipping-taxable","17":"purchasable","18":"product-type-simple"},"_links":{"self":[{"href":"https:\/\/www.diprod.pe\/shop\/wp-json\/wp\/v2\/product\/11270","targetHints":{"allow":["GET"]}}],"collection":[{"href":"https:\/\/www.diprod.pe\/shop\/wp-json\/wp\/v2\/product"}],"about":[{"href":"https:\/\/www.diprod.pe\/shop\/wp-json\/wp\/v2\/types\/product"}],"version-history":[{"count":2,"href":"https:\/\/www.diprod.pe\/shop\/wp-json\/wp\/v2\/product\/11270\/revisions"}],"predecessor-version":[{"id":11367,"href":"https:\/\/www.diprod.pe\/shop\/wp-json\/wp\/v2\/product\/11270\/revisions\/11367"}],"wp:featuredmedia":[{"embeddable":true,"href":"https:\/\/www.diprod.pe\/shop\/wp-json\/wp\/v2\/media\/11366"}],"wp:attachment":[{"href":"https:\/\/www.diprod.pe\/shop\/wp-json\/wp\/v2\/media?parent=11270"}],"wp:term":[{"taxonomy":"product_cat","embeddable":true,"href":"https:\/\/www.diprod.pe\/shop\/wp-json\/wp\/v2\/product_cat?post=11270"},{"taxonomy":"product_tag","embeddable":true,"href":"https:\/\/www.diprod.pe\/shop\/wp-json\/wp\/v2\/product_tag?post=11270"}],"curies":[{"name":"wp","href":"https:\/\/api.w.org\/{rel}","templated":true}]}}