{"id":11258,"date":"2023-05-31T13:58:55","date_gmt":"2023-05-31T18:58:55","guid":{"rendered":"https:\/\/www.diprod.pe\/shop\/product\/colores-disponibles-palo-rosa\/"},"modified":"2023-06-03T22:39:26","modified_gmt":"2023-06-04T03:39:26","slug":"colores-disponibles-palo-rosa","status":"publish","type":"product","link":"https:\/\/www.diprod.pe\/shop\/product\/colores-disponibles-palo-rosa\/","title":{"rendered":"ENDULZANTE EDULCORANTE POLVO CAJA X 100 SOBRES SPLENDA"},"content":{"rendered":"<table>\n<tbody>\n<tr class=\"even\">\n<th class=\"name-field Presentacion-Empaque\">Presentaci\u00f3n\/Empaque<\/th>\n<td class=\"value-field Presentacion-Empaque\">Caja<\/td>\n<\/tr>\n<tr>\n<th class=\"name-field Unidades-Por-Paquete\">Unidades Por Paquete<\/th>\n<td class=\"value-field Unidades-Por-Paquete\">100 Sobres<\/td>\n<\/tr>\n<tr class=\"even\">\n<th class=\"name-field Porcion-Sugerida\">Porci\u00f3n Sugerida<\/th>\n<td class=\"value-field Porcion-Sugerida\">1g<\/td>\n<\/tr>\n<tr>\n<th class=\"name-field Azucares-Por-Porcion\">Az\u00facares Por Porci\u00f3n<\/th>\n<td class=\"value-field Azucares-Por-Porcion\">1g<\/td>\n<\/tr>\n<tr class=\"even\">\n<th class=\"name-field Calorias-Por-Porcion\">Calor\u00edas Por Porci\u00f3n<\/th>\n<td class=\"value-field Calorias-Por-Porcion\">0Kcal<\/td>\n<\/tr>\n<tr>\n<th class=\"name-field Carbohidratos-Por-Porcion\">Carbohidratos Por Porci\u00f3n<\/th>\n<td class=\"value-field Carbohidratos-Por-Porcion\">1g<\/td>\n<\/tr>\n<tr class=\"even\">\n<th class=\"name-field Grasas-Por-Porcion\">Grasas Por Porci\u00f3n<\/th>\n<td class=\"value-field Grasas-Por-Porcion\">0g<\/td>\n<\/tr>\n<tr>\n<th class=\"name-field Porciones-Por-Envase\">Porciones Por Envase<\/th>\n<td class=\"value-field Porciones-Por-Envase\">100<\/td>\n<\/tr>\n<tr class=\"even\">\n<th class=\"name-field Proteinas-Por-Porcion\">Prote\u00ednas Por Porci\u00f3n<\/th>\n<td class=\"value-field Proteinas-Por-Porcion\">0g<\/td>\n<\/tr>\n<tr>\n<th class=\"name-field Sodio-Por-Porcion\">Sodio Por Porci\u00f3n<\/th>\n<td class=\"value-field Sodio-Por-Porcion\">0mg<\/td>\n<\/tr>\n<tr class=\"even\">\n<th class=\"name-field Composicion-Origen\">Composici\u00f3n\/Origen<\/th>\n<td class=\"value-field Composicion-Origen\">Sucralosa<\/td>\n<\/tr>\n<tr>\n<th class=\"name-field Advertencias-De-Almacenamiento\">Advertencias De Almacenamiento<\/th>\n<td class=\"value-field Advertencias-De-Almacenamiento\">Almacenar en un lugar fresco y seco a temperatura no mayor a 30\u00b0C<\/td>\n<\/tr>\n<tr class=\"even\">\n<th class=\"name-field Contenido-Neto\">Contenido Neto<\/th>\n<td class=\"value-field Contenido-Neto\">100g<\/td>\n<\/tr>\n<\/tbody>\n<\/table>\n","protected":false},"excerpt":{"rendered":"<p>Presentaci\u00f3n\/Empaque Caja Unidades Por Paquete 100 Sobres Porci\u00f3n Sugerida 1g Az\u00facares Por Porci\u00f3n 1g Calor\u00edas Por Porci\u00f3n 0Kcal Carbohidratos Por Porci\u00f3n 1g Grasas Por Porci\u00f3n 0g Porciones Por Envase 100 Prote\u00ednas Por Porci\u00f3n 0g Sodio Por Porci\u00f3n 0mg Composici\u00f3n\/Origen Sucralosa Advertencias De Almacenamiento Almacenar en un lugar fresco y seco a temperatura no mayor a [&hellip;]<\/p>\n","protected":false},"featured_media":11438,"template":"","meta":[],"product_cat":[574,552],"product_tag":[],"class_list":{"0":"post-11258","1":"product","2":"type-product","3":"status-publish","4":"has-post-thumbnail","6":"product_brand-splenda","7":"product_cat-edulcorante","8":"product_cat-insumo-cafeteria","10":"first","11":"instock","12":"sale","13":"shipping-taxable","14":"purchasable","15":"product-type-simple"},"_links":{"self":[{"href":"https:\/\/www.diprod.pe\/shop\/wp-json\/wp\/v2\/product\/11258","targetHints":{"allow":["GET"]}}],"collection":[{"href":"https:\/\/www.diprod.pe\/shop\/wp-json\/wp\/v2\/product"}],"about":[{"href":"https:\/\/www.diprod.pe\/shop\/wp-json\/wp\/v2\/types\/product"}],"version-history":[{"count":1,"href":"https:\/\/www.diprod.pe\/shop\/wp-json\/wp\/v2\/product\/11258\/revisions"}],"predecessor-version":[{"id":11437,"href":"https:\/\/www.diprod.pe\/shop\/wp-json\/wp\/v2\/product\/11258\/revisions\/11437"}],"wp:featuredmedia":[{"embeddable":true,"href":"https:\/\/www.diprod.pe\/shop\/wp-json\/wp\/v2\/media\/11438"}],"wp:attachment":[{"href":"https:\/\/www.diprod.pe\/shop\/wp-json\/wp\/v2\/media?parent=11258"}],"wp:term":[{"taxonomy":"product_cat","embeddable":true,"href":"https:\/\/www.diprod.pe\/shop\/wp-json\/wp\/v2\/product_cat?post=11258"},{"taxonomy":"product_tag","embeddable":true,"href":"https:\/\/www.diprod.pe\/shop\/wp-json\/wp\/v2\/product_tag?post=11258"}],"curies":[{"name":"wp","href":"https:\/\/api.w.org\/{rel}","templated":true}]}}