{"id":11233,"date":"2023-05-31T13:03:56","date_gmt":"2023-05-31T18:03:56","guid":{"rendered":"https:\/\/www.diprod.pe\/shop\/product\/producto-30\/"},"modified":"2023-06-04T01:05:35","modified_gmt":"2023-06-04T06:05:35","slug":"producto-30","status":"publish","type":"product","link":"https:\/\/www.diprod.pe\/shop\/product\/producto-30\/","title":{"rendered":"DESHUMECEDOR DIGITAL DHE20 IMACO"},"content":{"rendered":"<table>\n<tbody>\n<tr class=\"even\">\n<th class=\"name-field Garantia\">Garant\u00eda<\/th>\n<td class=\"value-field Garantia\">1 A\u00f1o por defecto de fabrica<\/td>\n<\/tr>\n<tr>\n<th class=\"name-field Modelo\">Modelo<\/th>\n<td class=\"value-field Modelo\">DHE20 20 Lts<\/td>\n<\/tr>\n<tr class=\"even\">\n<th class=\"name-field Potencia\">Potencia<\/th>\n<td class=\"value-field Potencia\">285 W<\/td>\n<\/tr>\n<tr>\n<th class=\"name-field Medidas\">Medidas<\/th>\n<td class=\"value-field Medidas\">Alto 58 x Ancho 36 x Profundidad 29<\/td>\n<\/tr>\n<tr class=\"even\">\n<th class=\"name-field Caracteristicas\">Caracter\u00edsticas<\/th>\n<td class=\"value-field Caracteristicas\">\u2014 Panel digital con funciones programadas.<br \/>\n\u2014 Cubierta ABS.<br \/>\n\u2014 Capacidad de extracci\u00f3n de humedad 20 Litros por d\u00eda.<br \/>\n\u2014 Con timer de 8 horas con apagado autom\u00e1tico.<br \/>\n\u2014 Luz indicadora de llenado de tanque.<br \/>\n\u2014 Filtro de carb\u00f3n activado para purificar el aire.<br \/>\n\u2014 Selecci\u00f3n de humedad que requiera el usuario.<br \/>\n\u2014 Tanque de 3 Litros.<br \/>\n\u2014 Drenaje continuo.<br \/>\n\u2014 Gas refrigerante ecol\u00f3gico R-134a.<br \/>\n\u2014 Cobertura hasta 40 m\u00b2.<\/td>\n<\/tr>\n<\/tbody>\n<\/table>\n","protected":false},"excerpt":{"rendered":"<p>Garant\u00eda 1 A\u00f1o por defecto de fabrica Modelo DHE20 20 Lts Potencia 285 W Medidas Alto 58 x Ancho 36 x Profundidad 29 Caracter\u00edsticas \u2014 Panel digital con funciones programadas. \u2014 Cubierta ABS. \u2014 Capacidad de extracci\u00f3n de humedad 20 Litros por d\u00eda. \u2014 Con timer de 8 horas con apagado autom\u00e1tico. \u2014 Luz indicadora [&hellip;]<\/p>\n","protected":false},"featured_media":11494,"template":"","meta":[],"product_cat":[600],"product_tag":[604,602,603],"class_list":{"0":"post-11233","1":"product","2":"type-product","3":"status-publish","4":"has-post-thumbnail","6":"product_brand-imaco","7":"product_cat-deshumecedor","8":"product_tag-cuarto","9":"product_tag-deshumecedor","10":"product_tag-frio","12":"first","13":"instock","14":"sale","15":"shipping-taxable","16":"purchasable","17":"product-type-simple"},"_links":{"self":[{"href":"https:\/\/www.diprod.pe\/shop\/wp-json\/wp\/v2\/product\/11233","targetHints":{"allow":["GET"]}}],"collection":[{"href":"https:\/\/www.diprod.pe\/shop\/wp-json\/wp\/v2\/product"}],"about":[{"href":"https:\/\/www.diprod.pe\/shop\/wp-json\/wp\/v2\/types\/product"}],"version-history":[{"count":2,"href":"https:\/\/www.diprod.pe\/shop\/wp-json\/wp\/v2\/product\/11233\/revisions"}],"predecessor-version":[{"id":11493,"href":"https:\/\/www.diprod.pe\/shop\/wp-json\/wp\/v2\/product\/11233\/revisions\/11493"}],"wp:featuredmedia":[{"embeddable":true,"href":"https:\/\/www.diprod.pe\/shop\/wp-json\/wp\/v2\/media\/11494"}],"wp:attachment":[{"href":"https:\/\/www.diprod.pe\/shop\/wp-json\/wp\/v2\/media?parent=11233"}],"wp:term":[{"taxonomy":"product_cat","embeddable":true,"href":"https:\/\/www.diprod.pe\/shop\/wp-json\/wp\/v2\/product_cat?post=11233"},{"taxonomy":"product_tag","embeddable":true,"href":"https:\/\/www.diprod.pe\/shop\/wp-json\/wp\/v2\/product_tag?post=11233"}],"curies":[{"name":"wp","href":"https:\/\/api.w.org\/{rel}","templated":true}]}}