{"id":11222,"date":"2023-05-31T13:03:55","date_gmt":"2023-05-31T18:03:55","guid":{"rendered":"https:\/\/www.diprod.pe\/shop\/product\/producto-19\/"},"modified":"2023-06-04T01:10:59","modified_gmt":"2023-06-04T06:10:59","slug":"producto-19","status":"publish","type":"product","link":"https:\/\/www.diprod.pe\/shop\/product\/producto-19\/","title":{"rendered":"DESHUMEDECEDOR TD-380 TAURUS"},"content":{"rendered":"<p><b>El Deshumedecedor TD-380 de TAURUS\u00a0<\/b>Reduce la creaci\u00f3n de moho, hongos y olores desagradables con este Deshumedecedor Taurus de dise\u00f1o compacto. Ideal para habitaciones peque\u00f1as.<\/p>\n<p>Taurus trae su amplia l\u00ednea de innovaci\u00f3n en productos de climatizaci\u00f3n, llegando con \u00e9ste incre\u00edble Deshumedecedor de 2.2 litros, ideal tanto para el hogar como para oficinas. Cuenta con la tecnolog\u00eda peltier que evita el ruido durante su funcionamiento, as\u00ed como un mecanismo de apagado autom\u00e1tico cuando el dep\u00f3sito se encuentra lleno.<\/p>\n<p>Modelo=TD-380<\/p>\n<p>\u00c1rea a cubrir (m2)=15<\/p>\n<p>Categoria=Deshumedecedores<\/p>\n<p>Caracter\u00edsticas=Dise\u00f1o compacto ideal para \u00e1reas peque\u00f1as (closet. cocinas. alacenas. etc.). Reduce la creaci\u00f3n de moho. hongos y olores desagradables. Capacidad de tanque: 2 200 ml. Apagado autom\u00e1tico. Luz indicadora de encendido. Manija para f\u00e1cil transporte.<\/p>\n<p>Procedencia=Per\u00fa<\/p>\n<p>Tipo=Deshumedecedor. 300-Categoria principal=Deshumedecedor<\/p>\n<p>Uso=Para ambientes. 99Familia=L\u00ednea blanca y climatizaci\u00f3n.<\/p>\n","protected":false},"excerpt":{"rendered":"<p>El Deshumedecedor TD-380 de TAURUS\u00a0Reduce la creaci\u00f3n de moho, hongos y olores desagradables con este Deshumedecedor Taurus de dise\u00f1o compacto. Ideal para habitaciones peque\u00f1as. Taurus trae su amplia l\u00ednea de innovaci\u00f3n en productos de climatizaci\u00f3n, llegando con \u00e9ste incre\u00edble Deshumedecedor de 2.2 litros, ideal tanto para el hogar como para oficinas. Cuenta con la tecnolog\u00eda [&hellip;]<\/p>\n","protected":false},"featured_media":11495,"template":"","meta":[],"product_cat":[600],"product_tag":[602,605,603,325],"class_list":{"0":"post-11222","1":"product","2":"type-product","3":"status-publish","4":"has-post-thumbnail","6":"product_cat-deshumecedor","7":"product_tag-deshumecedor","8":"product_tag-electro","9":"product_tag-frio","10":"product_tag-hogar","12":"first","13":"instock","14":"sale","15":"shipping-taxable","16":"purchasable","17":"product-type-simple"},"_links":{"self":[{"href":"https:\/\/www.diprod.pe\/shop\/wp-json\/wp\/v2\/product\/11222","targetHints":{"allow":["GET"]}}],"collection":[{"href":"https:\/\/www.diprod.pe\/shop\/wp-json\/wp\/v2\/product"}],"about":[{"href":"https:\/\/www.diprod.pe\/shop\/wp-json\/wp\/v2\/types\/product"}],"version-history":[{"count":2,"href":"https:\/\/www.diprod.pe\/shop\/wp-json\/wp\/v2\/product\/11222\/revisions"}],"predecessor-version":[{"id":11498,"href":"https:\/\/www.diprod.pe\/shop\/wp-json\/wp\/v2\/product\/11222\/revisions\/11498"}],"wp:featuredmedia":[{"embeddable":true,"href":"https:\/\/www.diprod.pe\/shop\/wp-json\/wp\/v2\/media\/11495"}],"wp:attachment":[{"href":"https:\/\/www.diprod.pe\/shop\/wp-json\/wp\/v2\/media?parent=11222"}],"wp:term":[{"taxonomy":"product_cat","embeddable":true,"href":"https:\/\/www.diprod.pe\/shop\/wp-json\/wp\/v2\/product_cat?post=11222"},{"taxonomy":"product_tag","embeddable":true,"href":"https:\/\/www.diprod.pe\/shop\/wp-json\/wp\/v2\/product_tag?post=11222"}],"curies":[{"name":"wp","href":"https:\/\/api.w.org\/{rel}","templated":true}]}}