{"id":11216,"date":"2023-05-31T13:03:55","date_gmt":"2023-05-31T18:03:55","guid":{"rendered":"https:\/\/www.diprod.pe\/shop\/product\/producto-13\/"},"modified":"2023-06-04T18:50:59","modified_gmt":"2023-06-04T23:50:59","slug":"producto-13","status":"publish","type":"product","link":"https:\/\/www.diprod.pe\/shop\/product\/producto-13\/","title":{"rendered":"DESHUMEDECEDOR PORT\u00c1TIL 500ML \u2013 DHM 150 IMACO"},"content":{"rendered":"<p>El deshumecedor de\u00a0<strong>Imaco<\/strong>\u00a0con motor de\u00a0<strong>25 Watts<\/strong>\u00a0te ofrece una soluci\u00f3n pr\u00e1ctica y port\u00e1til para el exceso de humedad en tu hogar o centro de trabajo. las caracter\u00edsticas que este incre\u00edble artefacto lo hacen perfecto para esos espacios reducidos en los que un\u00a0<strong>deshumecedor<\/strong>\u00a0grande no cabe, dise\u00f1ado especialmente para el<strong>\u00a0closet<\/strong>, evitando as\u00ed que tu ropa se humedezca y tome ese olor que nadie quiere tener en sus prendas de vestir.<\/p>\n<p>Adem\u00e1s, cuenta con un\u00a0<strong>apagado autom\u00e1tico<\/strong>\u00a0cuando el tanque est\u00e9 lleno. Act\u00faa de manera constante para succionar el moho y hongos producidos por la humedad, hasta\u00a0<strong>300 ml<\/strong>\u00a0al d\u00eda.<\/p>\n<ul>\n<li>Color blanco y rojo<\/li>\n<li>Motor de 25 watts<\/li>\n<li>Recipiente de 500 ml.<\/li>\n<li>Luz indicadora de llenado de tanque<\/li>\n<li>Capacidad de remoci\u00f3n de humedad 200\/300 ml. al d\u00eda<\/li>\n<li>Ideal para closet, ba\u00f1os y cuartos de lavander\u00edas<\/li>\n<li>Port\u00e1til<\/li>\n<li>Garant\u00eda de 2 a\u00f1os<\/li>\n<\/ul>\n","protected":false},"excerpt":{"rendered":"<p>El deshumecedor de\u00a0Imaco\u00a0con motor de\u00a025 Watts\u00a0te ofrece una soluci\u00f3n pr\u00e1ctica y port\u00e1til para el exceso de humedad en tu hogar o centro de trabajo. las caracter\u00edsticas que este incre\u00edble artefacto lo hacen perfecto para esos espacios reducidos en los que un\u00a0deshumecedor\u00a0grande no cabe, dise\u00f1ado especialmente para el\u00a0closet, evitando as\u00ed que tu ropa se humedezca y [&hellip;]<\/p>\n","protected":false},"featured_media":11496,"template":"","meta":[],"product_cat":[600],"product_tag":[606,325],"class_list":{"0":"post-11216","1":"product","2":"type-product","3":"status-publish","4":"has-post-thumbnail","6":"product_brand-imaco","7":"product_cat-deshumecedor","8":"product_tag-frio-deshumecedor","9":"product_tag-hogar","11":"first","12":"instock","13":"sale","14":"shipping-taxable","15":"purchasable","16":"product-type-simple"},"_links":{"self":[{"href":"https:\/\/www.diprod.pe\/shop\/wp-json\/wp\/v2\/product\/11216","targetHints":{"allow":["GET"]}}],"collection":[{"href":"https:\/\/www.diprod.pe\/shop\/wp-json\/wp\/v2\/product"}],"about":[{"href":"https:\/\/www.diprod.pe\/shop\/wp-json\/wp\/v2\/types\/product"}],"version-history":[{"count":2,"href":"https:\/\/www.diprod.pe\/shop\/wp-json\/wp\/v2\/product\/11216\/revisions"}],"predecessor-version":[{"id":11500,"href":"https:\/\/www.diprod.pe\/shop\/wp-json\/wp\/v2\/product\/11216\/revisions\/11500"}],"wp:featuredmedia":[{"embeddable":true,"href":"https:\/\/www.diprod.pe\/shop\/wp-json\/wp\/v2\/media\/11496"}],"wp:attachment":[{"href":"https:\/\/www.diprod.pe\/shop\/wp-json\/wp\/v2\/media?parent=11216"}],"wp:term":[{"taxonomy":"product_cat","embeddable":true,"href":"https:\/\/www.diprod.pe\/shop\/wp-json\/wp\/v2\/product_cat?post=11216"},{"taxonomy":"product_tag","embeddable":true,"href":"https:\/\/www.diprod.pe\/shop\/wp-json\/wp\/v2\/product_tag?post=11216"}],"curies":[{"name":"wp","href":"https:\/\/api.w.org\/{rel}","templated":true}]}}