{"id":11063,"date":"2022-09-14T18:34:42","date_gmt":"2022-09-14T23:34:42","guid":{"rendered":"https:\/\/www.diprod.pe\/shop\/?post_type=product&#038;p=11063"},"modified":"2022-09-14T19:16:49","modified_gmt":"2022-09-15T00:16:49","slug":"set-gran-torre-de-vigilancia-la-pelicula","status":"publish","type":"product","link":"https:\/\/www.diprod.pe\/shop\/product\/set-gran-torre-de-vigilancia-la-pelicula\/","title":{"rendered":"Set Gran Torre De Vigilancia La Pelicula"},"content":{"rendered":"","protected":false},"excerpt":{"rendered":"<p>SET DE JUEGO LA GRAN TORRE DE VIGILANCIA PAW LA PELICULA: Presentamos la nueva PAW Patrol:SET DE JUEGO LA GRAN TORRE DE VIGILANCIA! Este juego de 3 pies de altura, la torre PAW Patrol m\u00e1s alta hasta el momento, da vida a la sede de Adventure City de los cachorros de la pantalla grande. Est\u00e1 repleto de caracter\u00edsticas asombrosas por descubrir, que incluyen una rampa de rescate iluminada y transformadora, un centro de comando, un elevador de veh\u00edculos. LUCES Y SONIDOS: Presione el bot\u00f3n para efectos de sonido; gire el selector de cachorros del centro de comando para iluminar el mapa; se enciende la insignia en el frente de la torre; \u00a1la rampa se ilumina en el lanzamiento y m\u00e1s! ELEVADORES PARA CACHORROS Y VEH\u00cdCULOS: env\u00eda cachorros a la parte superior de la torre: \u00a1un clip mantiene las figuras en su lugar en el elevador! \u00a1Ruede el crucero o un veh\u00edculo de lujo (se vende por separado) sobre la plataforma del veh\u00edculo y levante la manija!<\/p>\n","protected":false},"featured_media":11064,"template":"","meta":[],"product_cat":[305],"product_tag":[],"class_list":{"0":"post-11063","1":"product","2":"type-product","3":"status-publish","4":"has-post-thumbnail","6":"product_cat-juegos-recreativos","8":"first","9":"instock","10":"shipping-taxable","11":"product-type-simple"},"_links":{"self":[{"href":"https:\/\/www.diprod.pe\/shop\/wp-json\/wp\/v2\/product\/11063","targetHints":{"allow":["GET"]}}],"collection":[{"href":"https:\/\/www.diprod.pe\/shop\/wp-json\/wp\/v2\/product"}],"about":[{"href":"https:\/\/www.diprod.pe\/shop\/wp-json\/wp\/v2\/types\/product"}],"version-history":[{"count":1,"href":"https:\/\/www.diprod.pe\/shop\/wp-json\/wp\/v2\/product\/11063\/revisions"}],"predecessor-version":[{"id":11065,"href":"https:\/\/www.diprod.pe\/shop\/wp-json\/wp\/v2\/product\/11063\/revisions\/11065"}],"wp:featuredmedia":[{"embeddable":true,"href":"https:\/\/www.diprod.pe\/shop\/wp-json\/wp\/v2\/media\/11064"}],"wp:attachment":[{"href":"https:\/\/www.diprod.pe\/shop\/wp-json\/wp\/v2\/media?parent=11063"}],"wp:term":[{"taxonomy":"product_cat","embeddable":true,"href":"https:\/\/www.diprod.pe\/shop\/wp-json\/wp\/v2\/product_cat?post=11063"},{"taxonomy":"product_tag","embeddable":true,"href":"https:\/\/www.diprod.pe\/shop\/wp-json\/wp\/v2\/product_tag?post=11063"}],"curies":[{"name":"wp","href":"https:\/\/api.w.org\/{rel}","templated":true}]}}