{"id":10362,"date":"2020-12-14T18:52:51","date_gmt":"2020-12-14T23:52:51","guid":{"rendered":"https:\/\/www.diprod.pe\/shop\/?post_type=product&#038;p=10362"},"modified":"2022-03-08T17:46:00","modified_gmt":"2022-03-08T22:46:00","slug":"presentador-genius-c-puntero-media-pointer","status":"publish","type":"product","link":"https:\/\/www.diprod.pe\/shop\/product\/presentador-genius-c-puntero-media-pointer\/","title":{"rendered":"PRESENTADOR GENIUS C\/PUNTERO MEDIA POINTER"},"content":{"rendered":"<p>El\u00a0Genius Media Pointer 100\u00a0es un presentador inal\u00e1mbrico avanzado de 2.4 GHz, equipado con un puntero l\u00e1ser y un receptor USB Pico.\u00a0Para mayor comodidad, el receptor Pico se puede almacenar de forma segura dentro del presentador.\u00a0El Media Pointer 100 presenta los botones de funci\u00f3n de p\u00e1gina arriba, p\u00e1gina abajo, funci\u00f3n ESC \/ F5, p\u00e1gina en blanco y rayo l\u00e1ser.\u00a0El presentador tiene un alcance de transmisi\u00f3n de hasta 32.8 pies (10 m) sin interferencias.\u00a0Adem\u00e1s, es compatible con Windows y Mac OS tambi\u00e9n.<\/p>\n","protected":false},"excerpt":{"rendered":"<p>El\u00a0Genius Media Pointer 100\u00a0es un presentador inal\u00e1mbrico avanzado de 2.4 GHz, equipado con un puntero l\u00e1ser y un receptor USB Pico.\u00a0Para mayor comodidad, el receptor Pico se puede almacenar de forma segura dentro del presentador.\u00a0El Media Pointer 100 presenta los botones de funci\u00f3n de p\u00e1gina arriba, p\u00e1gina abajo, funci\u00f3n ESC \/ F5, p\u00e1gina en blanco [&hellip;]<\/p>\n","protected":false},"featured_media":10363,"template":"","meta":[],"product_cat":[332,529,317,333],"product_tag":[461],"class_list":{"0":"post-10362","1":"product","2":"type-product","3":"status-publish","4":"has-post-thumbnail","6":"product_brand-genius","7":"product_cat-accesorios","8":"product_cat-accesorios-tecnologia","9":"product_cat-oficina","10":"product_cat-tecnologia","11":"product_tag-presentador-a-distancia","13":"first","14":"instock","15":"sale","16":"shipping-taxable","17":"purchasable","18":"product-type-simple"},"_links":{"self":[{"href":"https:\/\/www.diprod.pe\/shop\/wp-json\/wp\/v2\/product\/10362","targetHints":{"allow":["GET"]}}],"collection":[{"href":"https:\/\/www.diprod.pe\/shop\/wp-json\/wp\/v2\/product"}],"about":[{"href":"https:\/\/www.diprod.pe\/shop\/wp-json\/wp\/v2\/types\/product"}],"version-history":[{"count":1,"href":"https:\/\/www.diprod.pe\/shop\/wp-json\/wp\/v2\/product\/10362\/revisions"}],"predecessor-version":[{"id":10365,"href":"https:\/\/www.diprod.pe\/shop\/wp-json\/wp\/v2\/product\/10362\/revisions\/10365"}],"wp:featuredmedia":[{"embeddable":true,"href":"https:\/\/www.diprod.pe\/shop\/wp-json\/wp\/v2\/media\/10363"}],"wp:attachment":[{"href":"https:\/\/www.diprod.pe\/shop\/wp-json\/wp\/v2\/media?parent=10362"}],"wp:term":[{"taxonomy":"product_cat","embeddable":true,"href":"https:\/\/www.diprod.pe\/shop\/wp-json\/wp\/v2\/product_cat?post=10362"},{"taxonomy":"product_tag","embeddable":true,"href":"https:\/\/www.diprod.pe\/shop\/wp-json\/wp\/v2\/product_tag?post=10362"}],"curies":[{"name":"wp","href":"https:\/\/api.w.org\/{rel}","templated":true}]}}