{"id":10349,"date":"2020-12-09T18:42:16","date_gmt":"2020-12-09T23:42:16","guid":{"rendered":"https:\/\/www.diprod.pe\/shop\/?post_type=product&#038;p=10349"},"modified":"2022-03-08T17:47:40","modified_gmt":"2022-03-08T22:47:40","slug":"grabador-externo-dvd-se-208-samsung-2","status":"publish","type":"product","link":"https:\/\/www.diprod.pe\/shop\/product\/grabador-externo-dvd-se-208-samsung-2\/","title":{"rendered":"GRABADOR EXTERNO DVD SE-208 SAMSUNG"},"content":{"rendered":"<p class=\"a-spacing-base\">Samsung te presenta la grabadora externa SE-208DB\/TSBS, para que puedas pasar todas tus fotos, pel\u00edculas y v\u00eddeos a un DVD o CD de forma r\u00e1pida y segura mediante la conexi\u00f3n USB. Pero al rev\u00e9s tambi\u00e9n funciona es decir, que puede leer diferentes formatos.<\/p>\n<p class=\"a-spacing-base\">Gracias al cable de alimentaci\u00f3n USB, podr\u00e1s grabar a m\u00e1xima velocidad sin perder la se\u00f1al.<\/p>\n<p class=\"a-spacing-base\">Si adem\u00e1s tu televisor es compatible con la conectividad AV, podr\u00e1s disfrutar de todos tus contenidos multimedia en la gran pantalla.<\/p>\n<p class=\"a-spacing-base\">Su dise\u00f1o te resultar\u00e1 tan c\u00f3modo, que podr\u00e1s llevarlo a donde quieras, porque cabe en cualquier sitio. Ser\u00e1 el complemento perfecto para tu ordenador.<\/p>\n","protected":false},"excerpt":{"rendered":"<p>Samsung te presenta la grabadora externa SE-208DB\/TSBS, para que puedas pasar todas tus fotos, pel\u00edculas y v\u00eddeos a un DVD o CD de forma r\u00e1pida y segura mediante la conexi\u00f3n USB. Pero al rev\u00e9s tambi\u00e9n funciona es decir, que puede leer diferentes formatos. Gracias al cable de alimentaci\u00f3n USB, podr\u00e1s grabar a m\u00e1xima velocidad sin [&hellip;]<\/p>\n","protected":false},"featured_media":10350,"template":"","meta":[],"product_cat":[332,529,317,333],"product_tag":[345,446,447],"class_list":{"0":"post-10349","1":"product","2":"type-product","3":"status-publish","4":"has-post-thumbnail","6":"product_brand-samsung","7":"product_cat-accesorios","8":"product_cat-accesorios-tecnologia","9":"product_cat-oficina","10":"product_cat-tecnologia","11":"product_tag-dvd","12":"product_tag-grabador","13":"product_tag-grabador-externo","15":"first","16":"instock","17":"sale","18":"shipping-taxable","19":"purchasable","20":"product-type-simple"},"_links":{"self":[{"href":"https:\/\/www.diprod.pe\/shop\/wp-json\/wp\/v2\/product\/10349","targetHints":{"allow":["GET"]}}],"collection":[{"href":"https:\/\/www.diprod.pe\/shop\/wp-json\/wp\/v2\/product"}],"about":[{"href":"https:\/\/www.diprod.pe\/shop\/wp-json\/wp\/v2\/types\/product"}],"version-history":[{"count":1,"href":"https:\/\/www.diprod.pe\/shop\/wp-json\/wp\/v2\/product\/10349\/revisions"}],"predecessor-version":[{"id":10352,"href":"https:\/\/www.diprod.pe\/shop\/wp-json\/wp\/v2\/product\/10349\/revisions\/10352"}],"wp:featuredmedia":[{"embeddable":true,"href":"https:\/\/www.diprod.pe\/shop\/wp-json\/wp\/v2\/media\/10350"}],"wp:attachment":[{"href":"https:\/\/www.diprod.pe\/shop\/wp-json\/wp\/v2\/media?parent=10349"}],"wp:term":[{"taxonomy":"product_cat","embeddable":true,"href":"https:\/\/www.diprod.pe\/shop\/wp-json\/wp\/v2\/product_cat?post=10349"},{"taxonomy":"product_tag","embeddable":true,"href":"https:\/\/www.diprod.pe\/shop\/wp-json\/wp\/v2\/product_tag?post=10349"}],"curies":[{"name":"wp","href":"https:\/\/api.w.org\/{rel}","templated":true}]}}