{"id":10346,"date":"2020-12-09T18:33:44","date_gmt":"2020-12-09T23:33:44","guid":{"rendered":"https:\/\/www.diprod.pe\/shop\/?post_type=product&#038;p=10346"},"modified":"2022-03-08T17:41:09","modified_gmt":"2022-03-08T22:41:09","slug":"gps-garmin-nuvi-52-pantalla-5","status":"publish","type":"product","link":"https:\/\/www.diprod.pe\/shop\/product\/gps-garmin-nuvi-52-pantalla-5\/","title":{"rendered":"GPS GARMIN NUVI 52 PANTALLA 5&#8243;"},"content":{"rendered":"<p>La unidad\u00a0<strong>GPS<\/strong>\u00a0<strong>Garmin nuvi 52<\/strong>\u00a0cuenta con una gran pantalla t\u00e1ctil de\u00a0<strong>5\u201d<\/strong>, mapa de EE.UU. y de Per\u00fa, millones de puntos de inter\u00e9s (POI), indicaciones giro a giro por voz, la unidad n\u00fcvi 52 oferce indicaciones guiadas tanto en pantalla como verbalmente. Tambi\u00e9n <strong>incluye indicaci\u00f3n de carriles<\/strong>\u00a0con visualizaci\u00f3n de cruces. Ahorre hasta un\u00a0<strong>20%<\/strong>\u00a0en combustible (ecoRoute\u2122), navegaci\u00f3n sin gastos mensuales, nuevo dise\u00f1o slim 25% m\u00e1s delgado que modelos anteriores, Nuevo sistema de navegaci\u00f3n mejorado, evita problemas con el indicador de\u00a0<strong>l\u00edmite de velocidad integrado<\/strong><\/p>\n","protected":false},"excerpt":{"rendered":"<p>La unidad\u00a0GPS\u00a0Garmin nuvi 52\u00a0cuenta con una gran pantalla t\u00e1ctil de\u00a05\u201d, mapa de EE.UU. y de Per\u00fa, millones de puntos de inter\u00e9s (POI), indicaciones giro a giro por voz, la unidad n\u00fcvi 52 oferce indicaciones guiadas tanto en pantalla como verbalmente. Tambi\u00e9n incluye indicaci\u00f3n de carriles\u00a0con visualizaci\u00f3n de cruces. Ahorre hasta un\u00a020%\u00a0en combustible (ecoRoute\u2122), navegaci\u00f3n sin [&hellip;]<\/p>\n","protected":false},"featured_media":10347,"template":"","meta":[],"product_cat":[332,317,333],"product_tag":[445],"class_list":{"0":"post-10346","1":"product","2":"type-product","3":"status-publish","4":"has-post-thumbnail","6":"product_brand-garmin","7":"product_cat-accesorios","8":"product_cat-oficina","9":"product_cat-tecnologia","10":"product_tag-gps","12":"first","13":"instock","14":"sale","15":"shipping-taxable","16":"purchasable","17":"product-type-simple"},"_links":{"self":[{"href":"https:\/\/www.diprod.pe\/shop\/wp-json\/wp\/v2\/product\/10346","targetHints":{"allow":["GET"]}}],"collection":[{"href":"https:\/\/www.diprod.pe\/shop\/wp-json\/wp\/v2\/product"}],"about":[{"href":"https:\/\/www.diprod.pe\/shop\/wp-json\/wp\/v2\/types\/product"}],"version-history":[{"count":1,"href":"https:\/\/www.diprod.pe\/shop\/wp-json\/wp\/v2\/product\/10346\/revisions"}],"predecessor-version":[{"id":10348,"href":"https:\/\/www.diprod.pe\/shop\/wp-json\/wp\/v2\/product\/10346\/revisions\/10348"}],"wp:featuredmedia":[{"embeddable":true,"href":"https:\/\/www.diprod.pe\/shop\/wp-json\/wp\/v2\/media\/10347"}],"wp:attachment":[{"href":"https:\/\/www.diprod.pe\/shop\/wp-json\/wp\/v2\/media?parent=10346"}],"wp:term":[{"taxonomy":"product_cat","embeddable":true,"href":"https:\/\/www.diprod.pe\/shop\/wp-json\/wp\/v2\/product_cat?post=10346"},{"taxonomy":"product_tag","embeddable":true,"href":"https:\/\/www.diprod.pe\/shop\/wp-json\/wp\/v2\/product_tag?post=10346"}],"curies":[{"name":"wp","href":"https:\/\/api.w.org\/{rel}","templated":true}]}}