{"id":10281,"date":"2020-12-07T17:54:49","date_gmt":"2020-12-07T22:54:49","guid":{"rendered":"https:\/\/www.diprod.pe\/shop\/?post_type=product&#038;p=10281"},"modified":"2020-12-11T18:36:44","modified_gmt":"2020-12-11T23:36:44","slug":"camara-canon-eosm50bkef-m-15-45mm-f-3-5-6-3-is-stm","status":"publish","type":"product","link":"https:\/\/www.diprod.pe\/shop\/product\/camara-canon-eosm50bkef-m-15-45mm-f-3-5-6-3-is-stm\/","title":{"rendered":"CAMARA CANON EOSM50(BK)EF-M 15\u201345mm f\/3.5-6.3 IS STM"},"content":{"rendered":"<p>La EOS M50 es una c\u00e1mara compacta de lentes intercambiables para los que desean ser fot\u00f3grafos que buscan una manera f\u00e1cil de elevar la calidad de sus fotograf\u00edas y videos. Con su capacidad de grabaci\u00f3n de video en 4K UHD de 24p, usted puede capturar los detalles incre\u00edbles y los momentos inolvidables de su vida hogare\u00f1a o en cualquier lugar al que sus aventuras lo lleven. Capture fotograf\u00edas llamativas con colores vivos gracias el sensor CMOS (APS-C) de 24.1 megap\u00edxeles y usando el visor electr\u00f3nico o la pantalla LCD t\u00e1ctil de \u00e1ngulo variable integrados. Gracias al sistema de AF del CMOS de P\u00edxeles Duales, r\u00e1pido y mejorado, puede realizar el enfoque a su sujeto r\u00e1pidamente para asegurarse de no perderse la acci\u00f3n. Vea como la EOS M50 puede crear con facilidad las fotograf\u00edas y videos de alta calidad que usted siempre so\u00f1\u00f3.<\/p>\n","protected":false},"excerpt":{"rendered":"<p>24.1 MP CMOS<br \/>\nAPS-C\/MIRRLESS FOTOGRAF\u00cdA: 25600<br \/>\nFH: 12800<br \/>\n4K: 6400 PANTALLA TFT EN COLOR, DE CRISTAL L\u00cdQUIDO &#8211; LCD T\u00c1CTIL DE \u00c1NGULO VARIABLE DIGIC 8 LP-E12 LC-E12 7.4fps WIFI+BLUETOOH &#8211; 4K+FULL HD SD\/SDHC\/SDXC<br \/>\nCompatible con UHS-I<\/p>\n","protected":false},"featured_media":10282,"template":"","meta":[],"product_cat":[450],"product_tag":[424,425,426],"class_list":{"0":"post-10281","1":"product","2":"type-product","3":"status-publish","4":"has-post-thumbnail","6":"product_brand-canon","7":"product_cat-camaras-pro","8":"product_tag-camara","9":"product_tag-canon","10":"product_tag-profesional","12":"first","13":"instock","14":"sale","15":"shipping-taxable","16":"purchasable","17":"product-type-simple"},"_links":{"self":[{"href":"https:\/\/www.diprod.pe\/shop\/wp-json\/wp\/v2\/product\/10281","targetHints":{"allow":["GET"]}}],"collection":[{"href":"https:\/\/www.diprod.pe\/shop\/wp-json\/wp\/v2\/product"}],"about":[{"href":"https:\/\/www.diprod.pe\/shop\/wp-json\/wp\/v2\/types\/product"}],"version-history":[{"count":2,"href":"https:\/\/www.diprod.pe\/shop\/wp-json\/wp\/v2\/product\/10281\/revisions"}],"predecessor-version":[{"id":10285,"href":"https:\/\/www.diprod.pe\/shop\/wp-json\/wp\/v2\/product\/10281\/revisions\/10285"}],"wp:featuredmedia":[{"embeddable":true,"href":"https:\/\/www.diprod.pe\/shop\/wp-json\/wp\/v2\/media\/10282"}],"wp:attachment":[{"href":"https:\/\/www.diprod.pe\/shop\/wp-json\/wp\/v2\/media?parent=10281"}],"wp:term":[{"taxonomy":"product_cat","embeddable":true,"href":"https:\/\/www.diprod.pe\/shop\/wp-json\/wp\/v2\/product_cat?post=10281"},{"taxonomy":"product_tag","embeddable":true,"href":"https:\/\/www.diprod.pe\/shop\/wp-json\/wp\/v2\/product_tag?post=10281"}],"curies":[{"name":"wp","href":"https:\/\/api.w.org\/{rel}","templated":true}]}}