{"id":10271,"date":"2020-12-07T17:34:41","date_gmt":"2020-12-07T22:34:41","guid":{"rendered":"https:\/\/www.diprod.pe\/shop\/?post_type=product&#038;p=10271"},"modified":"2020-12-11T18:46:24","modified_gmt":"2020-12-11T23:46:24","slug":"camara-de-vigilancia-xpy400-0b-nexxt","status":"publish","type":"product","link":"https:\/\/www.diprod.pe\/shop\/product\/camara-de-vigilancia-xpy400-0b-nexxt\/","title":{"rendered":"CAMARA DE VIGILANCIA XPY400-0B NEXXT"},"content":{"rendered":"<ul class=\"a-unordered-list a-vertical a-spacing-mini\">\n<li><span class=\"a-list-item\">Tecnolog\u00eda de compresi\u00f3n H.264, ofrece una alta calidad, suave, v\u00eddeos y dual stream Capacidad para las operaciones de visualizaci\u00f3n remota de c\u00e1mara de seguridad de red, por lo tanto, la optimizaci\u00f3n de todos sus.<\/span><\/li>\n<li><span class=\"a-list-item\">Live View, grabaci\u00f3n, reproducci\u00f3n, copia de seguridad y transmisi\u00f3n de red y etiquetas personalizadas para buscar y jugar por parte de etiquetas.<\/span><\/li>\n<li><span class=\"a-list-item\">Incluye 2\u00a0C\u00e1maras Bullet (3.6\u00a0mm) con \u00e1ngulo de 68\u00a0\u00b0 y 2\u00a0C\u00e1maras Bullet (2.8\u00a0mm) con \u00e1ngulo de 92\u00a0\u00b0.<\/span><\/li>\n<li><span class=\"a-list-item\">Concede un l\u00edmite de capacidad por canal de gesti\u00f3n de cuota de disco duro de hasta 6TB de capacidad.<\/span><\/li>\n<\/ul>\n","protected":false},"excerpt":{"rendered":"<p>Tecnolog\u00eda de compresi\u00f3n H.264, ofrece una alta calidad, suave, v\u00eddeos y dual stream Capacidad para las operaciones de visualizaci\u00f3n remota de c\u00e1mara de seguridad de red, por lo tanto, la optimizaci\u00f3n de todos sus. Live View, grabaci\u00f3n, reproducci\u00f3n, copia de seguridad y transmisi\u00f3n de red y etiquetas personalizadas para buscar y jugar por parte de [&hellip;]<\/p>\n","protected":false},"featured_media":10272,"template":"","meta":[],"product_cat":[451,317],"product_tag":[420],"class_list":{"0":"post-10271","1":"product","2":"type-product","3":"status-publish","4":"has-post-thumbnail","6":"product_brand-nexxt","7":"product_cat-comunicacion","8":"product_cat-oficina","9":"product_tag-camara-de-seguridad","11":"first","12":"instock","13":"sale","14":"shipping-taxable","15":"purchasable","16":"product-type-simple"},"_links":{"self":[{"href":"https:\/\/www.diprod.pe\/shop\/wp-json\/wp\/v2\/product\/10271","targetHints":{"allow":["GET"]}}],"collection":[{"href":"https:\/\/www.diprod.pe\/shop\/wp-json\/wp\/v2\/product"}],"about":[{"href":"https:\/\/www.diprod.pe\/shop\/wp-json\/wp\/v2\/types\/product"}],"version-history":[{"count":1,"href":"https:\/\/www.diprod.pe\/shop\/wp-json\/wp\/v2\/product\/10271\/revisions"}],"predecessor-version":[{"id":10274,"href":"https:\/\/www.diprod.pe\/shop\/wp-json\/wp\/v2\/product\/10271\/revisions\/10274"}],"wp:featuredmedia":[{"embeddable":true,"href":"https:\/\/www.diprod.pe\/shop\/wp-json\/wp\/v2\/media\/10272"}],"wp:attachment":[{"href":"https:\/\/www.diprod.pe\/shop\/wp-json\/wp\/v2\/media?parent=10271"}],"wp:term":[{"taxonomy":"product_cat","embeddable":true,"href":"https:\/\/www.diprod.pe\/shop\/wp-json\/wp\/v2\/product_cat?post=10271"},{"taxonomy":"product_tag","embeddable":true,"href":"https:\/\/www.diprod.pe\/shop\/wp-json\/wp\/v2\/product_tag?post=10271"}],"curies":[{"name":"wp","href":"https:\/\/api.w.org\/{rel}","templated":true}]}}