{"id":10147,"date":"2020-11-19T14:21:21","date_gmt":"2020-11-19T19:21:21","guid":{"rendered":"https:\/\/www.diprod.pe\/shop\/?post_type=product&#038;p=10147"},"modified":"2020-12-11T18:53:27","modified_gmt":"2020-12-11T23:53:27","slug":"cable-para-video-hdmi-lancom-03-mts","status":"publish","type":"product","link":"https:\/\/www.diprod.pe\/shop\/product\/cable-para-video-hdmi-lancom-03-mts\/","title":{"rendered":"CABLE PARA VIDEO HDMI LANCOM 03 MTS"},"content":{"rendered":"<p>Puede enviar v\u00eddeo con resoluciones de hasta 4096 \u00d7 2160 a 24 fps o de 3840 \u00d7 2160 a 30 fps.<br \/>\nSoporta Pantalas 3D High Speed<br \/>\nAudio Retorno<br \/>\nCompatible con DVD, Laptops, Computadoras, BluRay, Decodificadores, Ps3, Xbox, DVR CCTV, etc.<\/p>\n","protected":false},"excerpt":{"rendered":"<p>Conectores Dorados 24K Alta Fidelidad y Calidad<br \/>\nIdeal para Pantallas Grandes con formatos de gran tama\u00f1o<\/p>\n","protected":false},"featured_media":10148,"template":"","meta":[],"product_cat":[449,317],"product_tag":[342,402,406],"class_list":{"0":"post-10147","1":"product","2":"type-product","3":"status-publish","4":"has-post-thumbnail","6":"product_brand-lancom","7":"product_cat-cableados-varios","8":"product_cat-oficina","9":"product_tag-cable","10":"product_tag-cables","11":"product_tag-hdmi","13":"first","14":"instock","15":"sale","16":"shipping-taxable","17":"purchasable","18":"product-type-simple"},"_links":{"self":[{"href":"https:\/\/www.diprod.pe\/shop\/wp-json\/wp\/v2\/product\/10147","targetHints":{"allow":["GET"]}}],"collection":[{"href":"https:\/\/www.diprod.pe\/shop\/wp-json\/wp\/v2\/product"}],"about":[{"href":"https:\/\/www.diprod.pe\/shop\/wp-json\/wp\/v2\/types\/product"}],"version-history":[{"count":2,"href":"https:\/\/www.diprod.pe\/shop\/wp-json\/wp\/v2\/product\/10147\/revisions"}],"predecessor-version":[{"id":10152,"href":"https:\/\/www.diprod.pe\/shop\/wp-json\/wp\/v2\/product\/10147\/revisions\/10152"}],"wp:featuredmedia":[{"embeddable":true,"href":"https:\/\/www.diprod.pe\/shop\/wp-json\/wp\/v2\/media\/10148"}],"wp:attachment":[{"href":"https:\/\/www.diprod.pe\/shop\/wp-json\/wp\/v2\/media?parent=10147"}],"wp:term":[{"taxonomy":"product_cat","embeddable":true,"href":"https:\/\/www.diprod.pe\/shop\/wp-json\/wp\/v2\/product_cat?post=10147"},{"taxonomy":"product_tag","embeddable":true,"href":"https:\/\/www.diprod.pe\/shop\/wp-json\/wp\/v2\/product_tag?post=10147"}],"curies":[{"name":"wp","href":"https:\/\/api.w.org\/{rel}","templated":true}]}}