{"id":10115,"date":"2020-11-19T10:14:07","date_gmt":"2020-11-19T15:14:07","guid":{"rendered":"https:\/\/www.diprod.pe\/shop\/?post_type=product&#038;p=10115"},"modified":"2020-12-17T12:12:07","modified_gmt":"2020-12-17T17:12:07","slug":"dispensador-jabon-liquido-1lt-humo-wcs-037-diprod","status":"publish","type":"product","link":"https:\/\/www.diprod.pe\/shop\/product\/dispensador-jabon-liquido-1lt-humo-wcs-037-diprod\/","title":{"rendered":"DISPENSADOR JABON LIQUIDO 1LT HUMO (WCS-037) DIPROD"},"content":{"rendered":"<p><strong>Diprod<\/strong> pone a tu disposici\u00f3n el <strong>Dispensador de jab\u00f3n l\u00edquido a granel<\/strong>, de capacidad 1 litro en material pl\u00e1stico Abs resistente al impacto. Cuenta con llave de seguridad para proteger el equipo e insumo.<\/p>\n<p>Cuenta con un dise\u00f1o elegante cuadrado que mostrar\u00e1 a tus clientes la modernidad tu ba\u00f1o. Producto altamente recomendado por las empresas por su alta resistencia en lugares de alto tr\u00e1fico.<\/p>\n","protected":false},"excerpt":{"rendered":"<p>Diprod pone a tu disposici\u00f3n el Dispensador de jab\u00f3n l\u00edquido a granel, de capacidad 1 litro en material pl\u00e1stico Abs resistente al impacto. Cuenta con llave de seguridad para proteger el equipo e insumo. Cuenta con un dise\u00f1o elegante cuadrado que mostrar\u00e1 a tus clientes la modernidad tu ba\u00f1o. Producto altamente recomendado por las empresas [&hellip;]<\/p>\n","protected":false},"featured_media":10116,"template":"","meta":[],"product_cat":[463,290],"product_tag":[369],"class_list":{"0":"post-10115","1":"product","2":"type-product","3":"status-publish","4":"has-post-thumbnail","6":"product_brand-diprod","7":"product_cat-dispensador","8":"product_cat-homecente","9":"product_tag-dispensador","11":"first","12":"instock","13":"sale","14":"shipping-taxable","15":"purchasable","16":"product-type-simple"},"_links":{"self":[{"href":"https:\/\/www.diprod.pe\/shop\/wp-json\/wp\/v2\/product\/10115","targetHints":{"allow":["GET"]}}],"collection":[{"href":"https:\/\/www.diprod.pe\/shop\/wp-json\/wp\/v2\/product"}],"about":[{"href":"https:\/\/www.diprod.pe\/shop\/wp-json\/wp\/v2\/types\/product"}],"version-history":[{"count":1,"href":"https:\/\/www.diprod.pe\/shop\/wp-json\/wp\/v2\/product\/10115\/revisions"}],"predecessor-version":[{"id":10117,"href":"https:\/\/www.diprod.pe\/shop\/wp-json\/wp\/v2\/product\/10115\/revisions\/10117"}],"wp:featuredmedia":[{"embeddable":true,"href":"https:\/\/www.diprod.pe\/shop\/wp-json\/wp\/v2\/media\/10116"}],"wp:attachment":[{"href":"https:\/\/www.diprod.pe\/shop\/wp-json\/wp\/v2\/media?parent=10115"}],"wp:term":[{"taxonomy":"product_cat","embeddable":true,"href":"https:\/\/www.diprod.pe\/shop\/wp-json\/wp\/v2\/product_cat?post=10115"},{"taxonomy":"product_tag","embeddable":true,"href":"https:\/\/www.diprod.pe\/shop\/wp-json\/wp\/v2\/product_tag?post=10115"}],"curies":[{"name":"wp","href":"https:\/\/api.w.org\/{rel}","templated":true}]}}