{"id":10110,"date":"2020-11-19T10:01:26","date_gmt":"2020-11-19T15:01:26","guid":{"rendered":"https:\/\/www.diprod.pe\/shop\/?post_type=product&#038;p=10110"},"modified":"2020-12-17T12:07:41","modified_gmt":"2020-12-17T17:07:41","slug":"dispensador-jabon-liquido-1lt-blanco-wcs-037-diprod","status":"publish","type":"product","link":"https:\/\/www.diprod.pe\/shop\/product\/dispensador-jabon-liquido-1lt-blanco-wcs-037-diprod\/","title":{"rendered":"DISPENSADOR JABON LIQUIDO 1LT BLANCO (WCS-037) DIPROD"},"content":{"rendered":"<p><strong>Diprod<\/strong> pone a tu disposici\u00f3n el <strong>Dispensador de Jab\u00f3n L\u00edquido 1 Litro<\/strong>, de material pl\u00e1stico Abs disponible en color blanco de lo mejor para tu oficina o negocio. Puede ser llenado tambi\u00e9n con jab\u00f3n, lavavajilla, shampoo, entre otros.<\/p>\n<p>El dispensador reflejar\u00e1\u00a0el lado profesional de tu negocio.\u00a0Dise\u00f1o elegante de gran capacidad y resistente al impacto.<\/p>\n","protected":false},"excerpt":{"rendered":"<p>Diprod pone a tu disposici\u00f3n el Dispensador de Jab\u00f3n L\u00edquido 1 Litro, de material pl\u00e1stico Abs disponible en color blanco de lo mejor para tu oficina o negocio. Puede ser llenado tambi\u00e9n con jab\u00f3n, lavavajilla, shampoo, entre otros. El dispensador reflejar\u00e1\u00a0el lado profesional de tu negocio.\u00a0Dise\u00f1o elegante de gran capacidad y resistente al impacto.<\/p>\n","protected":false},"featured_media":10111,"template":"","meta":[],"product_cat":[463,290],"product_tag":[369,386],"class_list":{"0":"post-10110","1":"product","2":"type-product","3":"status-publish","4":"has-post-thumbnail","6":"product_brand-diprod","7":"product_cat-dispensador","8":"product_cat-homecente","9":"product_tag-dispensador","10":"product_tag-jabon-liquido","12":"first","13":"instock","14":"sale","15":"shipping-taxable","16":"purchasable","17":"product-type-simple"},"_links":{"self":[{"href":"https:\/\/www.diprod.pe\/shop\/wp-json\/wp\/v2\/product\/10110","targetHints":{"allow":["GET"]}}],"collection":[{"href":"https:\/\/www.diprod.pe\/shop\/wp-json\/wp\/v2\/product"}],"about":[{"href":"https:\/\/www.diprod.pe\/shop\/wp-json\/wp\/v2\/types\/product"}],"version-history":[{"count":3,"href":"https:\/\/www.diprod.pe\/shop\/wp-json\/wp\/v2\/product\/10110\/revisions"}],"predecessor-version":[{"id":10114,"href":"https:\/\/www.diprod.pe\/shop\/wp-json\/wp\/v2\/product\/10110\/revisions\/10114"}],"wp:featuredmedia":[{"embeddable":true,"href":"https:\/\/www.diprod.pe\/shop\/wp-json\/wp\/v2\/media\/10111"}],"wp:attachment":[{"href":"https:\/\/www.diprod.pe\/shop\/wp-json\/wp\/v2\/media?parent=10110"}],"wp:term":[{"taxonomy":"product_cat","embeddable":true,"href":"https:\/\/www.diprod.pe\/shop\/wp-json\/wp\/v2\/product_cat?post=10110"},{"taxonomy":"product_tag","embeddable":true,"href":"https:\/\/www.diprod.pe\/shop\/wp-json\/wp\/v2\/product_tag?post=10110"}],"curies":[{"name":"wp","href":"https:\/\/api.w.org\/{rel}","templated":true}]}}