{"id":10095,"date":"2020-11-18T17:40:08","date_gmt":"2020-11-18T22:40:08","guid":{"rendered":"https:\/\/www.diprod.pe\/shop\/?post_type=product&#038;p=10095"},"modified":"2020-12-17T12:18:46","modified_gmt":"2020-12-17T17:18:46","slug":"papelera-acero-inoxidable-con-tapa-7l","status":"publish","type":"product","link":"https:\/\/www.diprod.pe\/shop\/product\/papelera-acero-inoxidable-con-tapa-7l\/","title":{"rendered":"PAPELERA ACERO INOXIDABLE CON TAPA 7L"},"content":{"rendered":"","protected":false},"excerpt":{"rendered":"<p>Elaborado en material cromado y poseen un pedal que permite extraer el envase del interior f\u00e1cilmente, as\u00ed como podr\u00e1 colocarle una bolsa de basura para no ensuciar el recipiente. Adem\u00e1s cuentan con una capacidad de hasta 7 litros para los residuos. Son de f\u00e1cil uso y limpieza.<\/p>\n<p>Simplemente pise el pedal y arroje el papel que desee, para vaciarlo pise el pedal y tome el contenedor externo para vaciar o lavar con agua y colocar nuevamente.<\/p>\n","protected":false},"featured_media":10096,"template":"","meta":[],"product_cat":[465,290],"product_tag":[377,380,378,379],"class_list":{"0":"post-10095","1":"product","2":"type-product","3":"status-publish","4":"has-post-thumbnail","6":"product_brand-diprod","7":"product_cat-acero-inox","8":"product_cat-homecente","9":"product_tag-acero-inoxidable","10":"product_tag-media-luna","11":"product_tag-papelera","12":"product_tag-tacho","14":"first","15":"instock","16":"sale","17":"shipping-taxable","18":"purchasable","19":"product-type-simple"},"_links":{"self":[{"href":"https:\/\/www.diprod.pe\/shop\/wp-json\/wp\/v2\/product\/10095","targetHints":{"allow":["GET"]}}],"collection":[{"href":"https:\/\/www.diprod.pe\/shop\/wp-json\/wp\/v2\/product"}],"about":[{"href":"https:\/\/www.diprod.pe\/shop\/wp-json\/wp\/v2\/types\/product"}],"version-history":[{"count":3,"href":"https:\/\/www.diprod.pe\/shop\/wp-json\/wp\/v2\/product\/10095\/revisions"}],"predecessor-version":[{"id":10101,"href":"https:\/\/www.diprod.pe\/shop\/wp-json\/wp\/v2\/product\/10095\/revisions\/10101"}],"wp:featuredmedia":[{"embeddable":true,"href":"https:\/\/www.diprod.pe\/shop\/wp-json\/wp\/v2\/media\/10096"}],"wp:attachment":[{"href":"https:\/\/www.diprod.pe\/shop\/wp-json\/wp\/v2\/media?parent=10095"}],"wp:term":[{"taxonomy":"product_cat","embeddable":true,"href":"https:\/\/www.diprod.pe\/shop\/wp-json\/wp\/v2\/product_cat?post=10095"},{"taxonomy":"product_tag","embeddable":true,"href":"https:\/\/www.diprod.pe\/shop\/wp-json\/wp\/v2\/product_tag?post=10095"}],"curies":[{"name":"wp","href":"https:\/\/api.w.org\/{rel}","templated":true}]}}