{"id":10086,"date":"2020-11-18T17:17:01","date_gmt":"2020-11-18T22:17:01","guid":{"rendered":"https:\/\/www.diprod.pe\/shop\/?post_type=product&#038;p=10086"},"modified":"2020-12-17T12:23:28","modified_gmt":"2020-12-17T17:23:28","slug":"dispensador-de-acero-para-papel-higinieco-con-chapa-y-llave-diprod","status":"publish","type":"product","link":"https:\/\/www.diprod.pe\/shop\/product\/dispensador-de-acero-para-papel-higinieco-con-chapa-y-llave-diprod\/","title":{"rendered":"DISPENSADOR DE ACERO PARA PAPEL HIGIENIECO CON CHAPA Y LLAVE DIPROD"},"content":{"rendered":"<p>Dispensador de acero inoxidable para rollos grandes de papel higi\u00e9nico.<\/p>\n<p>Producto: El dispensador de papel higi\u00e9nico en rollo grande atiende a las necesidades de todo tipo de ba\u00f1os. Apertura para cambio del rollo por medio de una llave.<\/p>\n","protected":false},"excerpt":{"rendered":"<p>Dispensador de acero inoxidable para rollos grandes de papel higi\u00e9nico. Producto: El dispensador de papel higi\u00e9nico en rollo grande atiende a las necesidades de todo tipo de ba\u00f1os. Apertura para cambio del rollo por medio de una llave.<\/p>\n","protected":false},"featured_media":10087,"template":"","meta":[],"product_cat":[465,290],"product_tag":[369,373],"class_list":{"0":"post-10086","1":"product","2":"type-product","3":"status-publish","4":"has-post-thumbnail","6":"product_brand-diprod","7":"product_cat-acero-inox","8":"product_cat-homecente","9":"product_tag-dispensador","10":"product_tag-papel","12":"first","13":"instock","14":"sale","15":"shipping-taxable","16":"purchasable","17":"product-type-simple"},"_links":{"self":[{"href":"https:\/\/www.diprod.pe\/shop\/wp-json\/wp\/v2\/product\/10086","targetHints":{"allow":["GET"]}}],"collection":[{"href":"https:\/\/www.diprod.pe\/shop\/wp-json\/wp\/v2\/product"}],"about":[{"href":"https:\/\/www.diprod.pe\/shop\/wp-json\/wp\/v2\/types\/product"}],"version-history":[{"count":3,"href":"https:\/\/www.diprod.pe\/shop\/wp-json\/wp\/v2\/product\/10086\/revisions"}],"predecessor-version":[{"id":10374,"href":"https:\/\/www.diprod.pe\/shop\/wp-json\/wp\/v2\/product\/10086\/revisions\/10374"}],"wp:featuredmedia":[{"embeddable":true,"href":"https:\/\/www.diprod.pe\/shop\/wp-json\/wp\/v2\/media\/10087"}],"wp:attachment":[{"href":"https:\/\/www.diprod.pe\/shop\/wp-json\/wp\/v2\/media?parent=10086"}],"wp:term":[{"taxonomy":"product_cat","embeddable":true,"href":"https:\/\/www.diprod.pe\/shop\/wp-json\/wp\/v2\/product_cat?post=10086"},{"taxonomy":"product_tag","embeddable":true,"href":"https:\/\/www.diprod.pe\/shop\/wp-json\/wp\/v2\/product_tag?post=10086"}],"curies":[{"name":"wp","href":"https:\/\/api.w.org\/{rel}","templated":true}]}}