{"id":10011,"date":"2020-10-27T10:32:06","date_gmt":"2020-10-27T15:32:06","guid":{"rendered":"https:\/\/www.diprod.pe\/shop\/?post_type=product&#038;p=10011"},"modified":"2020-12-17T14:15:49","modified_gmt":"2020-12-17T19:15:49","slug":"mouse-sculpt-touch-optico-bluetooth-microsoft","status":"publish","type":"product","link":"https:\/\/www.diprod.pe\/shop\/product\/mouse-sculpt-touch-optico-bluetooth-microsoft\/","title":{"rendered":"MOUSE SCULPT TOUCH OPTICO BLUETOOTH MICROSOFT"},"content":{"rendered":"<h4 class=\"h1\">El rat\u00f3n m\u00e1s avanzado de Windows<\/h4>\n<p class=\"\">La pesta\u00f1a t\u00e1ctil azul de Windows personalizable que incorpora Sculpt Comfort Mouse revoluciona la relaci\u00f3n entre hardware y software, ya que proporciona un acceso r\u00e1pido y sencillo al men\u00fa Inicio, Cortana (la disponibilidad puede variar), OneNote, vista de tareas o escritorios virtuales.<\/p>\n","protected":false},"excerpt":{"rendered":"<p>El rat\u00f3n m\u00e1s avanzado de Windows La pesta\u00f1a t\u00e1ctil azul de Windows personalizable que incorpora Sculpt Comfort Mouse revoluciona la relaci\u00f3n entre hardware y software, ya que proporciona un acceso r\u00e1pido y sencillo al men\u00fa Inicio, Cortana (la disponibilidad puede variar), OneNote, vista de tareas o escritorios virtuales.<\/p>\n","protected":false},"featured_media":10012,"template":"","meta":[],"product_cat":[468,317],"product_tag":[358,352,349],"class_list":{"0":"post-10011","1":"product","2":"type-product","3":"status-publish","4":"has-post-thumbnail","6":"product_cat-mouse","7":"product_cat-oficina","8":"product_tag-laptop","9":"product_tag-mouse","10":"product_tag-pc","12":"first","13":"instock","14":"sale","15":"shipping-taxable","16":"purchasable","17":"product-type-simple"},"_links":{"self":[{"href":"https:\/\/www.diprod.pe\/shop\/wp-json\/wp\/v2\/product\/10011","targetHints":{"allow":["GET"]}}],"collection":[{"href":"https:\/\/www.diprod.pe\/shop\/wp-json\/wp\/v2\/product"}],"about":[{"href":"https:\/\/www.diprod.pe\/shop\/wp-json\/wp\/v2\/types\/product"}],"version-history":[{"count":3,"href":"https:\/\/www.diprod.pe\/shop\/wp-json\/wp\/v2\/product\/10011\/revisions"}],"predecessor-version":[{"id":10015,"href":"https:\/\/www.diprod.pe\/shop\/wp-json\/wp\/v2\/product\/10011\/revisions\/10015"}],"wp:featuredmedia":[{"embeddable":true,"href":"https:\/\/www.diprod.pe\/shop\/wp-json\/wp\/v2\/media\/10012"}],"wp:attachment":[{"href":"https:\/\/www.diprod.pe\/shop\/wp-json\/wp\/v2\/media?parent=10011"}],"wp:term":[{"taxonomy":"product_cat","embeddable":true,"href":"https:\/\/www.diprod.pe\/shop\/wp-json\/wp\/v2\/product_cat?post=10011"},{"taxonomy":"product_tag","embeddable":true,"href":"https:\/\/www.diprod.pe\/shop\/wp-json\/wp\/v2\/product_tag?post=10011"}],"curies":[{"name":"wp","href":"https:\/\/api.w.org\/{rel}","templated":true}]}}