{"id":10002,"date":"2020-10-27T09:45:48","date_gmt":"2020-10-27T14:45:48","guid":{"rendered":"https:\/\/www.diprod.pe\/shop\/?post_type=product&#038;p=10002"},"modified":"2021-09-03T13:13:39","modified_gmt":"2021-09-03T18:13:39","slug":"mouse-logitech-m185-wireless-grey","status":"publish","type":"product","link":"https:\/\/www.diprod.pe\/shop\/product\/mouse-logitech-m185-wireless-grey\/","title":{"rendered":"MOUSE LOGITECH M185 WIRELESS GREY"},"content":{"rendered":"<div id=\"productDescriptionShort\" class=\"info-content\">\n<div class=\"productDescriptionShort Mouse-LOGITECH-M185-Gris \"><center><b>Logitech es tecnolog\u00eda<\/b><\/center>Los productos creados por <b>Logitech<\/b> est\u00e1n respaldados por la garant\u00eda de la marca, que ofrece <b>tecnolog\u00eda de calidad<\/b>. Su gran variedad de <b>accesorios de c\u00f3mputo<\/b> te ofrece una gama de modelos que se acomodan a tus distintas necesidades.<\/p>\n<p><center><b>El complemento perfecto en tus trabajos<\/b><\/center>La renovada l\u00ednea de <b>mouses<\/b> de Logitech viene cargada de mucha m\u00e1s tecnolog\u00eda para brindarte lo que necesites de acuerdo a tus diferentes exigencias. El modelo <b>M185<\/b> es un mouse <b>inal\u00e1mbrico<\/b> que se conecta r\u00e1pidamente a la laptop o la computadora gracias al sistema <b>plug and play<\/b>. Cuenta con un <b>dise\u00f1o ergon\u00f3mico<\/b> y estilizado que se adapta a cualquier mano. Adem\u00e1s, diferentes pruebas han arrojado resultados que se\u00f1ala que su bater\u00eda puede durar <b>hasta 1 a\u00f1o<\/b>, lo que te brinda mayor tiempo de uso.<\/p>\n<p><b>*La imagen es referencial<\/b><\/p>\n<\/div>\n<\/div>\n","protected":false},"excerpt":{"rendered":"<ul>\n<li>Mouse inal\u00e1mbrico<\/li>\n<li>Compatible con Windows, Chrome, Mac, Linux<\/li>\n<li>Conectividad USB<\/li>\n<li>Conexi\u00f3n inal\u00e1mbrica de 2,4 GHZ<\/li>\n<\/ul>\n","protected":false},"featured_media":10008,"template":"","meta":[],"product_cat":[468,317],"product_tag":[358,352,349,360,361],"class_list":{"0":"post-10002","1":"product","2":"type-product","3":"status-publish","4":"has-post-thumbnail","6":"product_cat-mouse","7":"product_cat-oficina","8":"product_tag-laptop","9":"product_tag-mouse","10":"product_tag-pc","11":"product_tag-tecnolocia","12":"product_tag-tecnologia","14":"first","15":"instock","16":"sale","17":"featured","18":"shipping-taxable","19":"purchasable","20":"product-type-simple"},"_links":{"self":[{"href":"https:\/\/www.diprod.pe\/shop\/wp-json\/wp\/v2\/product\/10002","targetHints":{"allow":["GET"]}}],"collection":[{"href":"https:\/\/www.diprod.pe\/shop\/wp-json\/wp\/v2\/product"}],"about":[{"href":"https:\/\/www.diprod.pe\/shop\/wp-json\/wp\/v2\/types\/product"}],"version-history":[{"count":4,"href":"https:\/\/www.diprod.pe\/shop\/wp-json\/wp\/v2\/product\/10002\/revisions"}],"predecessor-version":[{"id":10010,"href":"https:\/\/www.diprod.pe\/shop\/wp-json\/wp\/v2\/product\/10002\/revisions\/10010"}],"wp:featuredmedia":[{"embeddable":true,"href":"https:\/\/www.diprod.pe\/shop\/wp-json\/wp\/v2\/media\/10008"}],"wp:attachment":[{"href":"https:\/\/www.diprod.pe\/shop\/wp-json\/wp\/v2\/media?parent=10002"}],"wp:term":[{"taxonomy":"product_cat","embeddable":true,"href":"https:\/\/www.diprod.pe\/shop\/wp-json\/wp\/v2\/product_cat?post=10002"},{"taxonomy":"product_tag","embeddable":true,"href":"https:\/\/www.diprod.pe\/shop\/wp-json\/wp\/v2\/product_tag?post=10002"}],"curies":[{"name":"wp","href":"https:\/\/api.w.org\/{rel}","templated":true}]}}