{"id":9622,"date":"2020-07-17T11:44:27","date_gmt":"2020-07-17T16:44:27","guid":{"rendered":"https:\/\/www.diprod.pe\/shop\/?page_id=9622"},"modified":"2025-05-09T15:13:16","modified_gmt":"2025-05-09T20:13:16","slug":"preguntas-frecuentes","status":"publish","type":"page","link":"https:\/\/www.diprod.pe\/shop\/preguntas-frecuentes\/","title":{"rendered":"Preguntas frecuentes"},"content":{"rendered":"\t\t<div data-elementor-type=\"wp-page\" data-elementor-id=\"9622\" class=\"elementor elementor-9622\" data-elementor-post-type=\"page\">\n\t\t\t\t<div class=\"elementor-element elementor-element-712c060 e-flex e-con-boxed none e-con e-parent\" data-id=\"712c060\" data-element_type=\"container\">\n\t\t\t\t\t<div class=\"e-con-inner\">\n\t\t<div class=\"elementor-element elementor-element-8469fa3 e-con-full e-flex none e-con e-child\" data-id=\"8469fa3\" data-element_type=\"container\">\n\t\t\t\t<div class=\"elementor-element elementor-element-bd7aea9 none elementor-widget elementor-widget-ovic_breadcrumb\" data-id=\"bd7aea9\" data-element_type=\"widget\" data-widget_type=\"ovic_breadcrumb.default\">\n\t\t\t\t<div class=\"elementor-widget-container\">\n\t\t\t\t\t        <div class=\"ovic-breadcrumb style-01\">\r\n\t\t\t<div class=\"breadcrumb-wrap\"><div class=\"container\"><nav role=\"navigation\" aria-label=\"Breadcrumbs\" class=\"breadcrumb-trail breadcrumbs\"><ul class=\"trail-items breadcrumb\" itemscope itemtype=\"http:\/\/schema.org\/BreadcrumbList\"><li class=\"trail-item trail-end\" itemprop=\"itemListElement\" itemscope itemtype=\"http:\/\/schema.org\/ListItem\"><a href=\"https:\/\/www.diprod.pe\/shop\/\" rel=\"home\" itemprop=\"item\"><span itemprop=\"name\">Home<\/span><\/a><meta itemprop=\"position\" content=\"1\" \/><\/li><\/ul><\/nav><\/div><\/div>        <\/div>\r\n\t\t\t\t\t\t<\/div>\n\t\t\t\t<\/div>\n\t\t\t\t<\/div>\n\t\t\t\t\t<\/div>\n\t\t\t\t<\/div>\n\t\t<div class=\"elementor-element elementor-element-e2ba63b e-flex e-con-boxed none e-con e-parent\" data-id=\"e2ba63b\" data-element_type=\"container\">\n\t\t\t\t\t<div class=\"e-con-inner\">\n\t\t<div class=\"elementor-element elementor-element-2c6756e e-con-full e-flex none e-con e-child\" data-id=\"2c6756e\" data-element_type=\"container\">\n\t\t\t\t<div class=\"elementor-element elementor-element-df62aa2 none elementor-widget elementor-widget-heading\" data-id=\"df62aa2\" data-element_type=\"widget\" data-widget_type=\"heading.default\">\n\t\t\t\t<div class=\"elementor-widget-container\">\n\t\t\t\t\t<h2 class=\"elementor-heading-title elementor-size-default\">Preguntas Frecuentes<\/h2>\t\t\t\t<\/div>\n\t\t\t\t<\/div>\n\t\t\t\t<\/div>\n\t\t\t\t\t<\/div>\n\t\t\t\t<\/div>\n\t\t<div class=\"elementor-element elementor-element-cbc1047 e-flex e-con-boxed none e-con e-parent\" data-id=\"cbc1047\" data-element_type=\"container\">\n\t\t\t\t\t<div class=\"e-con-inner\">\n\t\t<div class=\"elementor-element elementor-element-fafcb1d e-con-full e-flex none e-con e-child\" data-id=\"fafcb1d\" data-element_type=\"container\">\n\t\t\t\t<div class=\"elementor-element elementor-element-776dac8 none elementor-widget elementor-widget-image\" data-id=\"776dac8\" data-element_type=\"widget\" data-widget_type=\"image.default\">\n\t\t\t\t<div class=\"elementor-widget-container\">\n\t\t\t\t\t\t\t\t\t\t\t\t\t\t\t<img fetchpriority=\"high\" decoding=\"async\" width=\"1024\" height=\"979\" src=\"https:\/\/www.diprod.pe\/shop\/wp-content\/uploads\/2021\/02\/img-pregunta-frecuente.png\" class=\"attachment-large size-large wp-image-10507 wp-post-image\" alt=\"\" srcset=\"https:\/\/www.diprod.pe\/shop\/wp-content\/uploads\/2021\/02\/img-pregunta-frecuente.png 1024w, https:\/\/www.diprod.pe\/shop\/wp-content\/uploads\/2021\/02\/img-pregunta-frecuente-300x287.png 300w, https:\/\/www.diprod.pe\/shop\/wp-content\/uploads\/2021\/02\/img-pregunta-frecuente-768x734.png 768w, https:\/\/www.diprod.pe\/shop\/wp-content\/uploads\/2021\/02\/img-pregunta-frecuente-600x574.png 600w, https:\/\/www.diprod.pe\/shop\/wp-content\/uploads\/2021\/02\/img-pregunta-frecuente-64x61.png 64w\" sizes=\"(max-width: 1024px) 100vw, 1024px\" \/>\t\t\t\t\t\t\t\t\t\t\t\t\t\t\t<\/div>\n\t\t\t\t<\/div>\n\t\t\t\t<\/div>\n\t\t<div class=\"elementor-element elementor-element-1cb51b2 e-con-full e-flex none e-con e-child\" data-id=\"1cb51b2\" data-element_type=\"container\">\n\t\t\t\t<div class=\"elementor-element elementor-element-d8cdf16 none elementor-widget elementor-widget-text-editor\" data-id=\"d8cdf16\" data-element_type=\"widget\" data-widget_type=\"text-editor.default\">\n\t\t\t\t<div class=\"elementor-widget-container\">\n\t\t\t\t\t\t\t\t\t<p><strong>\u00bfEl costo del producto incluye impuestos?<br \/><\/strong>Todos nuestros productos incluyen impuestos (IGV), nuestras boletas son electr\u00f3nicas y ser\u00e1n enviadas a su mail registrado.<\/p><p><strong>\u00bfHay monto m\u00ednimo para env\u00edo?<br \/><\/strong>No requiere monto m\u00ednimo para comprar atreves de nuestra p\u00e1gina.<\/p><p><strong>\u00bfCu\u00e1les son los costos de env\u00edo?<br \/><\/strong>En el bot\u00f3n de delivery, podr\u00e1 encontrar detallado las tarifas seg\u00fan el distrito.<\/p><p><strong>\u00bfCu\u00e1les son los d\u00edas de reparto de pedidos?<br \/><\/strong>Los d\u00edas de reparto son de lunes a viernes de 8:30 am a 6:00 pm y s\u00e1bados de 9:00 am a 2:00 pm.<\/p><p><strong>\u00bfEl destinatario debe pagar algo extra al momento de recepci\u00f3n del pedido?<br \/><\/strong>No, solo la persona que recibe el producto deber\u00e1 firmar la gu\u00eda de remisi\u00f3n con el n\u00famero de su documento de identidad.<\/p><p><strong>\u00bfQu\u00e9 medio de pagos se utiliza?<br \/><\/strong>Haga <a href=\"https:\/\/www.diprod.pe\/shop\/formas-de-pago\/\">clic aqu\u00ed<\/a> o ir a la opci\u00f3n inferior \u201cFormas de Pago\u201d.<\/p><p><strong>\u00bfHay total seguridad al ingresar los datos de mi tarjeta de cr\u00e9dito o d\u00e9bito<br \/><\/strong>Totalmente, todas las transacciones que se realicen a trav\u00e9s de la web oficial de cada banco, son confidenciales y seguras a trav\u00e9s del sistema que maneja cada banco, con las distintas identidades.<\/p><p><strong>\u00bfC\u00f3mo s\u00e9 que lleg\u00f3 mi pedido conforme?<br \/><\/strong>Nuestro personal le enviar\u00e1 confirmaci\u00f3n a su mail registrado, una vez que tenemos la confirmaci\u00f3n de entrega o puede escribirnos a nuestro n\u00famero de WhatsApp de atenci\u00f3n al cliente.<\/p>\t\t\t\t\t\t\t\t<\/div>\n\t\t\t\t<\/div>\n\t\t\t\t<\/div>\n\t\t\t\t\t<\/div>\n\t\t\t\t<\/div>\n\t\t\t\t<\/div>\n\t\t","protected":false},"excerpt":{"rendered":"<p>Preguntas Frecuentes \u00bfEl costo del producto incluye impuestos?Todos nuestros productos incluyen impuestos (IGV), nuestras boletas son electr\u00f3nicas y ser\u00e1n enviadas a su mail registrado. \u00bfHay monto m\u00ednimo para env\u00edo?No requiere monto m\u00ednimo para comprar atreves de nuestra p\u00e1gina. \u00bfCu\u00e1les son los costos de env\u00edo?En el bot\u00f3n de delivery, podr\u00e1 encontrar detallado las tarifas seg\u00fan el [&hellip;]<\/p>\n","protected":false},"author":1,"featured_media":0,"parent":0,"menu_order":0,"comment_status":"closed","ping_status":"closed","template":"elementor_header_footer","meta":{"footnotes":""},"class_list":["post-9622","page","type-page","status-publish","hentry"],"_links":{"self":[{"href":"https:\/\/www.diprod.pe\/shop\/wp-json\/wp\/v2\/pages\/9622","targetHints":{"allow":["GET"]}}],"collection":[{"href":"https:\/\/www.diprod.pe\/shop\/wp-json\/wp\/v2\/pages"}],"about":[{"href":"https:\/\/www.diprod.pe\/shop\/wp-json\/wp\/v2\/types\/page"}],"author":[{"embeddable":true,"href":"https:\/\/www.diprod.pe\/shop\/wp-json\/wp\/v2\/users\/1"}],"replies":[{"embeddable":true,"href":"https:\/\/www.diprod.pe\/shop\/wp-json\/wp\/v2\/comments?post=9622"}],"version-history":[{"count":13,"href":"https:\/\/www.diprod.pe\/shop\/wp-json\/wp\/v2\/pages\/9622\/revisions"}],"predecessor-version":[{"id":12807,"href":"https:\/\/www.diprod.pe\/shop\/wp-json\/wp\/v2\/pages\/9622\/revisions\/12807"}],"wp:attachment":[{"href":"https:\/\/www.diprod.pe\/shop\/wp-json\/wp\/v2\/media?parent=9622"}],"curies":[{"name":"wp","href":"https:\/\/api.w.org\/{rel}","templated":true}]}}